{"id":874,"date":"2020-10-29T20:00:44","date_gmt":"2020-10-29T20:00:44","guid":{"rendered":"http:\/\/nocturnas.org\/?page_id=874"},"modified":"2020-10-30T18:08:09","modified_gmt":"2020-10-30T18:08:09","slug":"mtb","status":"publish","type":"page","link":"https:\/\/nocturnas.org\/index.php\/mtb\/","title":{"rendered":"MTB"},"content":{"rendered":"\t\t<div data-elementor-type=\"wp-page\" data-elementor-id=\"874\" class=\"elementor elementor-874\">\n\t\t\t\t\t\t<div class=\"elementor-inner\">\n\t\t\t\t<div class=\"elementor-section-wrap\">\n\t\t\t\t\t\t\t\t\t<section class=\"elementor-section elementor-top-section elementor-element elementor-element-86c0351 elementor-section-boxed elementor-section-height-default elementor-section-height-default\" data-id=\"86c0351\" data-element_type=\"section\">\n\t\t\t\t\t\t<div class=\"elementor-container elementor-column-gap-default\">\n\t\t\t\t\t\t\t<div class=\"elementor-row\">\n\t\t\t\t\t<div class=\"elementor-column elementor-col-100 elementor-top-column elementor-element elementor-element-ae6e935\" data-id=\"ae6e935\" data-element_type=\"column\">\n\t\t\t<div class=\"elementor-column-wrap elementor-element-populated\">\n\t\t\t\t\t\t\t<div class=\"elementor-widget-wrap\">\n\t\t\t\t\t\t<div class=\"elementor-element elementor-element-71a930b elementor-widget elementor-widget-image\" data-id=\"71a930b\" data-element_type=\"widget\" data-widget_type=\"image.default\">\n\t\t\t\t<div class=\"elementor-widget-container\">\n\t\t\t\t\t\t\t\t<div class=\"elementor-image\">\n\t\t\t\t\t\t\t\t\t\t\t\t<img width=\"1024\" height=\"329\" src=\"https:\/\/nocturnas.org\/wp-content\/uploads\/2020\/10\/frog-bike-curve-1703577-1024x329.jpg\" class=\"attachment-large size-large\" alt=\"frog, bike, curve\" loading=\"lazy\" srcset=\"https:\/\/nocturnas.org\/wp-content\/uploads\/2020\/10\/frog-bike-curve-1703577-1024x329.jpg 1024w, https:\/\/nocturnas.org\/wp-content\/uploads\/2020\/10\/frog-bike-curve-1703577-300x96.jpg 300w, https:\/\/nocturnas.org\/wp-content\/uploads\/2020\/10\/frog-bike-curve-1703577-768x247.jpg 768w, https:\/\/nocturnas.org\/wp-content\/uploads\/2020\/10\/frog-bike-curve-1703577.jpg 1280w\" sizes=\"(max-width: 1024px) 100vw, 1024px\" \/>\t\t\t\t\t\t\t\t\t\t\t\t\t\t<\/div>\n\t\t\t\t\t\t<\/div>\n\t\t\t\t<\/div>\n\t\t\t\t<div class=\"elementor-element elementor-element-d0de965 elementor-widget elementor-widget-heading\" data-id=\"d0de965\" data-element_type=\"widget\" data-widget_type=\"heading.default\">\n\t\t\t\t<div class=\"elementor-widget-container\">\n\t\t\t<h2 class=\"elementor-heading-title elementor-size-default\">BICICLETAS<\/h2>\t\t<\/div>\n\t\t\t\t<\/div>\n\t\t\t\t\t\t<\/div>\n\t\t\t\t\t<\/div>\n\t\t<\/div>\n\t\t\t\t\t\t\t\t<\/div>\n\t\t\t\t\t<\/div>\n\t\t<\/section>\n\t\t\t\t<section class=\"elementor-section elementor-top-section elementor-element elementor-element-895b1d0 elementor-section-boxed elementor-section-height-default elementor-section-height-default\" data-id=\"895b1d0\" data-element_type=\"section\">\n\t\t\t\t\t\t<div class=\"elementor-container elementor-column-gap-default\">\n\t\t\t\t\t\t\t<div class=\"elementor-row\">\n\t\t\t\t\t<div class=\"elementor-column elementor-col-100 elementor-top-column elementor-element elementor-element-0f124ca\" data-id=\"0f124ca\" data-element_type=\"column\">\n\t\t\t<div class=\"elementor-column-wrap elementor-element-populated\">\n\t\t\t\t\t\t\t<div class=\"elementor-widget-wrap\">\n\t\t\t\t\t\t<div class=\"elementor-element elementor-element-4a53d59 elementor-widget elementor-widget-text-editor\" data-id=\"4a53d59\" data-element_type=\"widget\" data-widget_type=\"text-editor.default\">\n\t\t\t\t<div class=\"elementor-widget-container\">\n\t\t\t\t\t\t\t\t<div class=\"elementor-text-editor elementor-clearfix\">\n\t\t\t\t<h3>DOBLE SUSPENSI\u00d3N<\/h3>\t\t\t\t\t<\/div>\n\t\t\t\t\t\t<\/div>\n\t\t\t\t<\/div>\n\t\t\t\t\t\t<\/div>\n\t\t\t\t\t<\/div>\n\t\t<\/div>\n\t\t\t\t\t\t\t\t<\/div>\n\t\t\t\t\t<\/div>\n\t\t<\/section>\n\t\t\t\t<section class=\"elementor-section elementor-top-section elementor-element elementor-element-a1ec29b elementor-section-boxed elementor-section-height-default elementor-section-height-default\" data-id=\"a1ec29b\" data-element_type=\"section\">\n\t\t\t\t\t\t<div class=\"elementor-container elementor-column-gap-default\">\n\t\t\t\t\t\t\t<div class=\"elementor-row\">\n\t\t\t\t\t<div class=\"elementor-column elementor-col-50 elementor-top-column elementor-element elementor-element-03876b2\" data-id=\"03876b2\" data-element_type=\"column\">\n\t\t\t<div class=\"elementor-column-wrap elementor-element-populated\">\n\t\t\t\t\t\t\t<div class=\"elementor-widget-wrap\">\n\t\t\t\t\t\t<div class=\"elementor-element elementor-element-43d9da1 elementor-widget elementor-widget-html\" data-id=\"43d9da1\" data-element_type=\"widget\" data-widget_type=\"html.default\">\n\t\t\t\t<div class=\"elementor-widget-container\">\n\t\t\t<TABLE><TR>\r\n<TD >\r\n<iframe style=\"width:120px;height:240px;\" marginwidth=\"0\" marginheight=\"0\" scrolling=\"no\" frameborder=\"0\" src=\"\/\/rcm-eu.amazon-adsystem.com\/e\/cm?lt1=_blank&bc1=000000&IS2=1&bg1=FFFFFF&fc1=000000&lc1=0000FF&t=zonama07-21&language=es_ES&o=30&p=8&l=as4&m=amazon&f=ifr&ref=as_ss_li_til&asins=B01D27DQUS&linkId=8d44fd3199afbd5314c4bbdc082aa620\"><\/iframe>\r\n<\/TD>\r\n<TD >\r\n<iframe style=\"width:120px;height:240px;\" marginwidth=\"0\" marginheight=\"0\" scrolling=\"no\" frameborder=\"0\" src=\"\/\/rcm-eu.amazon-adsystem.com\/e\/cm?lt1=_blank&bc1=000000&IS2=1&bg1=FFFFFF&fc1=000000&lc1=0000FF&t=zonama07-21&language=es_ES&o=30&p=8&l=as4&m=amazon&f=ifr&ref=as_ss_li_til&asins=B07HY87WDK&linkId=0aed650c3446bdfdbe1283ed1d39ff04\"><\/iframe>\r\n<\/TD>\r\n<TD >\r\n<iframe style=\"width:120px;height:240px;\" marginwidth=\"0\" marginheight=\"0\" scrolling=\"no\" frameborder=\"0\" src=\"\/\/rcm-eu.amazon-adsystem.com\/e\/cm?lt1=_blank&bc1=000000&IS2=1&bg1=FFFFFF&fc1=000000&lc1=0000FF&t=zonama07-21&language=es_ES&o=30&p=8&l=as4&m=amazon&f=ifr&ref=as_ss_li_til&asins=B07DQQYNVB&linkId=5dc386bc44a7e51bcde3fa77219d8d75\"><\/iframe>\r\n<\/TD>\r\n<\/TR><\/TABLE>\t\t<\/div>\n\t\t\t\t<\/div>\n\t\t\t\t\t\t<\/div>\n\t\t\t\t\t<\/div>\n\t\t<\/div>\n\t\t\t\t<div class=\"elementor-column elementor-col-50 elementor-top-column elementor-element elementor-element-ba14dc3\" data-id=\"ba14dc3\" data-element_type=\"column\">\n\t\t\t<div class=\"elementor-column-wrap elementor-element-populated\">\n\t\t\t\t\t\t\t<div class=\"elementor-widget-wrap\">\n\t\t\t\t\t\t<div class=\"elementor-element elementor-element-47b364b elementor-widget elementor-widget-html\" data-id=\"47b364b\" data-element_type=\"widget\" data-widget_type=\"html.default\">\n\t\t\t\t<div class=\"elementor-widget-container\">\n\t\t\t<TABLE><TR>\r\n<TD >\r\n<iframe style=\"width:120px;height:240px;\" marginwidth=\"0\" marginheight=\"0\" scrolling=\"no\" frameborder=\"0\" src=\"\/\/rcm-eu.amazon-adsystem.com\/e\/cm?lt1=_blank&bc1=000000&IS2=1&bg1=FFFFFF&fc1=000000&lc1=0000FF&t=zonama07-21&language=es_ES&o=30&p=8&l=as4&m=amazon&f=ifr&ref=as_ss_li_til&asins=B07G84MXWS&linkId=a249c5337a0f847c64392b0ad4c6ed4c\"><\/iframe>\r\n<\/TD>\r\n<TD >\r\n<iframe style=\"width:120px;height:240px;\" marginwidth=\"0\" marginheight=\"0\" scrolling=\"no\" frameborder=\"0\" src=\"\/\/rcm-eu.amazon-adsystem.com\/e\/cm?lt1=_blank&bc1=000000&IS2=1&bg1=FFFFFF&fc1=000000&lc1=0000FF&t=zonama07-21&language=es_ES&o=30&p=8&l=as4&m=amazon&f=ifr&ref=as_ss_li_til&asins=B07DQQYNVB&linkId=f1cb4ee6b5776c2f3726a0347c509bc6\"><\/iframe>\r\n<\/TD>\r\n<TD >\r\n<iframe style=\"width:120px;height:240px;\" marginwidth=\"0\" marginheight=\"0\" scrolling=\"no\" frameborder=\"0\" src=\"\/\/rcm-eu.amazon-adsystem.com\/e\/cm?lt1=_blank&bc1=000000&IS2=1&bg1=FFFFFF&fc1=000000&lc1=0000FF&t=zonama07-21&language=es_ES&o=30&p=8&l=as4&m=amazon&f=ifr&ref=as_ss_li_til&asins=B08C4ZSXW1&linkId=921d60dec89dcdf92d86776a24b0d18d\"><\/iframe>\r\n<\/TD>\r\n<\/TR><\/TABLE>\t\t<\/div>\n\t\t\t\t<\/div>\n\t\t\t\t\t\t<\/div>\n\t\t\t\t\t<\/div>\n\t\t<\/div>\n\t\t\t\t\t\t\t\t<\/div>\n\t\t\t\t\t<\/div>\n\t\t<\/section>\n\t\t\t\t<section class=\"elementor-section elementor-top-section elementor-element elementor-element-cf0fe33 elementor-section-boxed elementor-section-height-default elementor-section-height-default\" data-id=\"cf0fe33\" data-element_type=\"section\">\n\t\t\t\t\t\t<div class=\"elementor-container elementor-column-gap-default\">\n\t\t\t\t\t\t\t<div class=\"elementor-row\">\n\t\t\t\t\t<div class=\"elementor-column elementor-col-100 elementor-top-column elementor-element elementor-element-463fb37\" data-id=\"463fb37\" data-element_type=\"column\">\n\t\t\t<div class=\"elementor-column-wrap elementor-element-populated\">\n\t\t\t\t\t\t\t<div class=\"elementor-widget-wrap\">\n\t\t\t\t\t\t<div class=\"elementor-element elementor-element-a2c2fd5 elementor-align-center elementor-widget elementor-widget-button\" data-id=\"a2c2fd5\" data-element_type=\"widget\" data-widget_type=\"button.default\">\n\t\t\t\t<div class=\"elementor-widget-container\">\n\t\t\t\t\t<div class=\"elementor-button-wrapper\">\n\t\t\t<a href=\"https:\/\/amzn.to\/31ZZs3U\" target=\"_blank\" class=\"elementor-button-link elementor-button elementor-size-sm\" role=\"button\">\n\t\t\t\t\t\t<span class=\"elementor-button-content-wrapper\">\n\t\t\t\t\t\t<span class=\"elementor-button-text\">M\u00c1S MODELOS<\/span>\n\t\t<\/span>\n\t\t\t\t\t<\/a>\n\t\t<\/div>\n\t\t\t\t<\/div>\n\t\t\t\t<\/div>\n\t\t\t\t<div class=\"elementor-element elementor-element-607115b elementor-widget elementor-widget-text-editor\" data-id=\"607115b\" data-element_type=\"widget\" data-widget_type=\"text-editor.default\">\n\t\t\t\t<div class=\"elementor-widget-container\">\n\t\t\t\t\t\t\t\t<div class=\"elementor-text-editor elementor-clearfix\">\n\t\t\t\t<h3>EL\u00c9CTRICAS<\/h3>\t\t\t\t\t<\/div>\n\t\t\t\t\t\t<\/div>\n\t\t\t\t<\/div>\n\t\t\t\t\t\t<\/div>\n\t\t\t\t\t<\/div>\n\t\t<\/div>\n\t\t\t\t\t\t\t\t<\/div>\n\t\t\t\t\t<\/div>\n\t\t<\/section>\n\t\t\t\t<section class=\"elementor-section elementor-top-section elementor-element elementor-element-bcdfa57 elementor-section-boxed elementor-section-height-default elementor-section-height-default\" data-id=\"bcdfa57\" data-element_type=\"section\">\n\t\t\t\t\t\t<div class=\"elementor-container elementor-column-gap-default\">\n\t\t\t\t\t\t\t<div class=\"elementor-row\">\n\t\t\t\t\t<div class=\"elementor-column elementor-col-50 elementor-top-column elementor-element elementor-element-f544b41\" data-id=\"f544b41\" data-element_type=\"column\">\n\t\t\t<div class=\"elementor-column-wrap elementor-element-populated\">\n\t\t\t\t\t\t\t<div class=\"elementor-widget-wrap\">\n\t\t\t\t\t\t<div class=\"elementor-element elementor-element-f754d8d elementor-widget elementor-widget-html\" data-id=\"f754d8d\" data-element_type=\"widget\" data-widget_type=\"html.default\">\n\t\t\t\t<div class=\"elementor-widget-container\">\n\t\t\t<TABLE><TR>\r\n<TD >\r\n<iframe style=\"width:120px;height:240px;\" marginwidth=\"0\" marginheight=\"0\" scrolling=\"no\" frameborder=\"0\" src=\"\/\/rcm-eu.amazon-adsystem.com\/e\/cm?lt1=_blank&bc1=000000&IS2=1&bg1=FFFFFF&fc1=000000&lc1=0000FF&t=zonama07-21&language=es_ES&o=30&p=8&l=as4&m=amazon&f=ifr&ref=as_ss_li_til&asins=B08M3T2BL5&linkId=3f1230f355ceba7c95c3a4c0bd32027c\"><\/iframe>\r\n<\/TD>\r\n<TD >\r\n<iframe style=\"width:120px;height:240px;\" marginwidth=\"0\" marginheight=\"0\" scrolling=\"no\" frameborder=\"0\" src=\"\/\/rcm-eu.amazon-adsystem.com\/e\/cm?lt1=_blank&bc1=000000&IS2=1&bg1=FFFFFF&fc1=000000&lc1=0000FF&t=zonama07-21&language=es_ES&o=30&p=8&l=as4&m=amazon&f=ifr&ref=as_ss_li_til&asins=B08L7924Q1&linkId=67d59845c8ed2e1d0c1ae82080f348a3\"><\/iframe>\r\n<\/TD>\r\n<TD >\r\n<iframe style=\"width:120px;height:240px;\" marginwidth=\"0\" marginheight=\"0\" scrolling=\"no\" frameborder=\"0\" src=\"\/\/rcm-eu.amazon-adsystem.com\/e\/cm?lt1=_blank&bc1=000000&IS2=1&bg1=FFFFFF&fc1=000000&lc1=0000FF&t=zonama07-21&language=es_ES&o=30&p=8&l=as4&m=amazon&f=ifr&ref=as_ss_li_til&asins=B08FXPG2QT&linkId=a3262897dde27e9c2904d1d6393e5b09\"><\/iframe>\r\n<\/TD>\r\n<\/TR><\/TABLE>\t\t<\/div>\n\t\t\t\t<\/div>\n\t\t\t\t\t\t<\/div>\n\t\t\t\t\t<\/div>\n\t\t<\/div>\n\t\t\t\t<div class=\"elementor-column elementor-col-50 elementor-top-column elementor-element elementor-element-a38095d\" data-id=\"a38095d\" data-element_type=\"column\">\n\t\t\t<div class=\"elementor-column-wrap elementor-element-populated\">\n\t\t\t\t\t\t\t<div class=\"elementor-widget-wrap\">\n\t\t\t\t\t\t<div class=\"elementor-element elementor-element-9938c8b elementor-widget elementor-widget-html\" data-id=\"9938c8b\" data-element_type=\"widget\" data-widget_type=\"html.default\">\n\t\t\t\t<div class=\"elementor-widget-container\">\n\t\t\t<TABLE><TR>\r\n<TD >\r\n<iframe style=\"width:120px;height:240px;\" marginwidth=\"0\" marginheight=\"0\" scrolling=\"no\" frameborder=\"0\" src=\"\/\/rcm-eu.amazon-adsystem.com\/e\/cm?lt1=_blank&bc1=000000&IS2=1&bg1=FFFFFF&fc1=000000&lc1=0000FF&t=zonama07-21&language=es_ES&o=30&p=8&l=as4&m=amazon&f=ifr&ref=as_ss_li_til&asins=B07WRDFFYP&linkId=9719e7202288bf0fa6614b770b47404e\"><\/iframe>\r\n<\/TD>\r\n<TD >\r\n<iframe style=\"width:120px;height:240px;\" marginwidth=\"0\" marginheight=\"0\" scrolling=\"no\" frameborder=\"0\" src=\"\/\/rcm-eu.amazon-adsystem.com\/e\/cm?lt1=_blank&bc1=000000&IS2=1&bg1=FFFFFF&fc1=000000&lc1=0000FF&t=zonama07-21&language=es_ES&o=30&p=8&l=as4&m=amazon&f=ifr&ref=as_ss_li_til&asins=B07Y4XL67C&linkId=346746153368085d07614e4ecd125788\"><\/iframe>\r\n<\/TD>\r\n<TD >\r\n<iframe style=\"width:120px;height:240px;\" marginwidth=\"0\" marginheight=\"0\" scrolling=\"no\" frameborder=\"0\" src=\"\/\/rcm-eu.amazon-adsystem.com\/e\/cm?lt1=_blank&bc1=000000&IS2=1&bg1=FFFFFF&fc1=000000&lc1=0000FF&t=zonama07-21&language=es_ES&o=30&p=8&l=as4&m=amazon&f=ifr&ref=as_ss_li_til&asins=B08GQ7QP3C&linkId=e7299336ee242f08dcae0e9b4e1a9671\"><\/iframe>\r\n<\/TD>\r\n<\/TR><\/TABLE>\t\t<\/div>\n\t\t\t\t<\/div>\n\t\t\t\t\t\t<\/div>\n\t\t\t\t\t<\/div>\n\t\t<\/div>\n\t\t\t\t\t\t\t\t<\/div>\n\t\t\t\t\t<\/div>\n\t\t<\/section>\n\t\t\t\t<section class=\"elementor-section elementor-top-section elementor-element elementor-element-ad2eae9 elementor-section-boxed elementor-section-height-default elementor-section-height-default\" data-id=\"ad2eae9\" data-element_type=\"section\">\n\t\t\t\t\t\t<div class=\"elementor-container elementor-column-gap-default\">\n\t\t\t\t\t\t\t<div class=\"elementor-row\">\n\t\t\t\t\t<div class=\"elementor-column elementor-col-100 elementor-top-column elementor-element elementor-element-3612217\" data-id=\"3612217\" data-element_type=\"column\">\n\t\t\t<div class=\"elementor-column-wrap elementor-element-populated\">\n\t\t\t\t\t\t\t<div class=\"elementor-widget-wrap\">\n\t\t\t\t\t\t<div class=\"elementor-element elementor-element-e7f138a elementor-align-center elementor-widget elementor-widget-button\" data-id=\"e7f138a\" data-element_type=\"widget\" data-widget_type=\"button.default\">\n\t\t\t\t<div class=\"elementor-widget-container\">\n\t\t\t\t\t<div class=\"elementor-button-wrapper\">\n\t\t\t<a href=\"https:\/\/amzn.to\/3200fSq\" target=\"_blank\" class=\"elementor-button-link elementor-button elementor-size-sm\" role=\"button\">\n\t\t\t\t\t\t<span class=\"elementor-button-content-wrapper\">\n\t\t\t\t\t\t<span class=\"elementor-button-text\">M\u00c1S MODELOS<\/span>\n\t\t<\/span>\n\t\t\t\t\t<\/a>\n\t\t<\/div>\n\t\t\t\t<\/div>\n\t\t\t\t<\/div>\n\t\t\t\t\t\t<\/div>\n\t\t\t\t\t<\/div>\n\t\t<\/div>\n\t\t\t\t\t\t\t\t<\/div>\n\t\t\t\t\t<\/div>\n\t\t<\/section>\n\t\t\t\t<section class=\"elementor-section elementor-top-section elementor-element elementor-element-8a4a69d elementor-section-boxed elementor-section-height-default elementor-section-height-default\" data-id=\"8a4a69d\" data-element_type=\"section\">\n\t\t\t\t\t\t<div class=\"elementor-container elementor-column-gap-default\">\n\t\t\t\t\t\t\t<div class=\"elementor-row\">\n\t\t\t\t\t<div class=\"elementor-column elementor-col-100 elementor-top-column elementor-element elementor-element-daf7938\" data-id=\"daf7938\" data-element_type=\"column\">\n\t\t\t<div class=\"elementor-column-wrap\">\n\t\t\t\t\t\t\t<div class=\"elementor-widget-wrap\">\n\t\t\t\t\t\t\t\t<\/div>\n\t\t\t\t\t<\/div>\n\t\t<\/div>\n\t\t\t\t\t\t\t\t<\/div>\n\t\t\t\t\t<\/div>\n\t\t<\/section>\n\t\t\t\t\t\t\t\t\t<\/div>\n\t\t\t<\/div>\n\t\t\t\t\t<\/div>\n\t\t","protected":false},"excerpt":{"rendered":"<p>BICICLETAS DOBLE SUSPENSI\u00d3N M\u00c1S MODELOS EL\u00c9CTRICAS M\u00c1S MODELOS<\/p>\n","protected":false},"author":1,"featured_media":0,"parent":0,"menu_order":0,"comment_status":"closed","ping_status":"closed","template":"","meta":{"_monsterinsights_skip_tracking":false,"_monsterinsights_sitenote_active":false,"_monsterinsights_sitenote_note":"","_monsterinsights_sitenote_category":0},"_links":{"self":[{"href":"https:\/\/nocturnas.org\/index.php\/wp-json\/wp\/v2\/pages\/874"}],"collection":[{"href":"https:\/\/nocturnas.org\/index.php\/wp-json\/wp\/v2\/pages"}],"about":[{"href":"https:\/\/nocturnas.org\/index.php\/wp-json\/wp\/v2\/types\/page"}],"author":[{"embeddable":true,"href":"https:\/\/nocturnas.org\/index.php\/wp-json\/wp\/v2\/users\/1"}],"replies":[{"embeddable":true,"href":"https:\/\/nocturnas.org\/index.php\/wp-json\/wp\/v2\/comments?post=874"}],"version-history":[{"count":7,"href":"https:\/\/nocturnas.org\/index.php\/wp-json\/wp\/v2\/pages\/874\/revisions"}],"predecessor-version":[{"id":896,"href":"https:\/\/nocturnas.org\/index.php\/wp-json\/wp\/v2\/pages\/874\/revisions\/896"}],"wp:attachment":[{"href":"https:\/\/nocturnas.org\/index.php\/wp-json\/wp\/v2\/media?parent=874"}],"curies":[{"name":"wp","href":"https:\/\/api.w.org\/{rel}","templated":true}]}}