{"id":852,"date":"2020-10-29T18:12:04","date_gmt":"2020-10-29T18:12:04","guid":{"rendered":"http:\/\/nocturnas.org\/?page_id=852"},"modified":"2020-10-29T19:45:58","modified_gmt":"2020-10-29T19:45:58","slug":"zona-gamer","status":"publish","type":"page","link":"https:\/\/nocturnas.org\/index.php\/zona-gamer\/","title":{"rendered":"ZONA GAMER"},"content":{"rendered":"\t\t<div data-elementor-type=\"wp-page\" data-elementor-id=\"852\" class=\"elementor elementor-852\">\n\t\t\t\t\t\t<div class=\"elementor-inner\">\n\t\t\t\t<div class=\"elementor-section-wrap\">\n\t\t\t\t\t\t\t\t\t<section class=\"elementor-section elementor-top-section elementor-element elementor-element-0feb173 elementor-section-boxed elementor-section-height-default elementor-section-height-default\" data-id=\"0feb173\" data-element_type=\"section\">\n\t\t\t\t\t\t<div class=\"elementor-container elementor-column-gap-default\">\n\t\t\t\t\t\t\t<div class=\"elementor-row\">\n\t\t\t\t\t<div class=\"elementor-column elementor-col-100 elementor-top-column elementor-element elementor-element-45fadbf\" data-id=\"45fadbf\" data-element_type=\"column\">\n\t\t\t<div class=\"elementor-column-wrap elementor-element-populated\">\n\t\t\t\t\t\t\t<div class=\"elementor-widget-wrap\">\n\t\t\t\t\t\t<div class=\"elementor-element elementor-element-d5297f3 elementor-widget elementor-widget-image\" data-id=\"d5297f3\" data-element_type=\"widget\" data-widget_type=\"image.default\">\n\t\t\t\t<div class=\"elementor-widget-container\">\n\t\t\t\t\t\t\t\t<div class=\"elementor-image\">\n\t\t\t\t\t\t\t\t\t\t\t\t<img width=\"1024\" height=\"341\" src=\"https:\/\/nocturnas.org\/wp-content\/uploads\/2020\/10\/web-network-programming-3706562-1024x341.jpg\" class=\"attachment-large size-large\" alt=\"web, network, programming\" loading=\"lazy\" srcset=\"https:\/\/nocturnas.org\/wp-content\/uploads\/2020\/10\/web-network-programming-3706562-1024x341.jpg 1024w, https:\/\/nocturnas.org\/wp-content\/uploads\/2020\/10\/web-network-programming-3706562-300x100.jpg 300w, https:\/\/nocturnas.org\/wp-content\/uploads\/2020\/10\/web-network-programming-3706562-768x256.jpg 768w, https:\/\/nocturnas.org\/wp-content\/uploads\/2020\/10\/web-network-programming-3706562.jpg 1280w\" sizes=\"(max-width: 1024px) 100vw, 1024px\" \/>\t\t\t\t\t\t\t\t\t\t\t\t\t\t<\/div>\n\t\t\t\t\t\t<\/div>\n\t\t\t\t<\/div>\n\t\t\t\t<div class=\"elementor-element elementor-element-690a57d elementor-widget elementor-widget-heading\" data-id=\"690a57d\" data-element_type=\"widget\" data-widget_type=\"heading.default\">\n\t\t\t\t<div class=\"elementor-widget-container\">\n\t\t\t<h2 class=\"elementor-heading-title elementor-size-default\">tecnolog\u00eda<\/h2>\t\t<\/div>\n\t\t\t\t<\/div>\n\t\t\t\t\t\t<\/div>\n\t\t\t\t\t<\/div>\n\t\t<\/div>\n\t\t\t\t\t\t\t\t<\/div>\n\t\t\t\t\t<\/div>\n\t\t<\/section>\n\t\t\t\t<section class=\"elementor-section elementor-top-section elementor-element elementor-element-8a58251 elementor-section-boxed elementor-section-height-default elementor-section-height-default\" data-id=\"8a58251\" data-element_type=\"section\">\n\t\t\t\t\t\t<div class=\"elementor-container elementor-column-gap-default\">\n\t\t\t\t\t\t\t<div class=\"elementor-row\">\n\t\t\t\t\t<div class=\"elementor-column elementor-col-100 elementor-top-column elementor-element elementor-element-284ed59\" data-id=\"284ed59\" data-element_type=\"column\">\n\t\t\t<div class=\"elementor-column-wrap elementor-element-populated\">\n\t\t\t\t\t\t\t<div class=\"elementor-widget-wrap\">\n\t\t\t\t\t\t<div class=\"elementor-element elementor-element-3212332 elementor-widget elementor-widget-html\" data-id=\"3212332\" data-element_type=\"widget\" data-widget_type=\"html.default\">\n\t\t\t\t<div class=\"elementor-widget-container\">\n\t\t\t<html>\r\n<head>\r\n<\/head>\r\n<body>\r\n\t<b><P>Te mostramos c\u00f3mo puedes actualizar tu PC de sobremesa para trasformarlo en un PC Gamer. Los componentes tienen la mejor relacci\u00f3n Calidad\/Precio para conseguir que el equipo funcione de forma fluida con juegos exigentes.<\/P><\/b>\r\n\t<h3><b><a href=\"https:\/\/amzn.to\/37PCX5C\">Asus PRIME B550M-k<\/a><\/b><\/h3>\r\n\t<ul>\r\n\t\t<li>Placa de Alta-Media gamma, calidad precio 10\/10<\/li>\r\n\t\t<ul>\r\n\t\t\t<li>Placa con Dacket AM4 de tercera generaci\u00f3n de Ryzan con chipset B550<\/li>\r\n\t\t\t<li>Dispone de 4 conectores DIMM de DDR4 con un m\u00e1ximo de 128GB con capacidad de funcionar a dual chanel a una frecuencia m\u00e1xima de 4600Mhz con O.C.<\/li>\r\n\t\t\t<li>Resoluci\u00f3n m\u00e1xima de 4K a 60Hz por puerto HDMI 2.1<\/li>\r\n\t\t\t<li>Capacidad de expanci\u00f3n<\/li>\r\n\t\t\t<ul>\r\n\t\t\t\t<li>Un PCIe 4.0x16<\/li>\r\n\t\t\t\t<li>Dos PCIe 3.0x1<\/li>\r\n\t\t\t<\/ul>\r\n\t\t\t<li>Almacenamiento:<\/li>\r\n\t\t\t<ul>\r\n\t\t\t\t<li>Dos puertos M2 para discos NVME<\/li>\r\n\t\t\t\t<li>Cuatro puertos SATA<\/li>\r\n\t\t\t\t<li>Capacidad raid 0,1,10<\/li>\r\n\t\t\t<\/ul>\r\n\t\t\t<li>BIOS<\/li>\r\n\t\t\t<ul>\r\n\t\t\t\t<li>256 Mb Flash ROM<\/li>\r\n\t\t\t\t<li>UEFI AMI BIOS<\/li>\r\n\t\t\t<\/ul>\r\n\t\t<\/ul>\r\n\t<\/ul>\r\n\r\n\t<h3><b><a href=\"https:\/\/amzn.to\/3kEcWcY\">AMD Ryzen 5 3600X 3.8GHz BOX<\/a><\/b><\/h3>\r\n\t<ul>\r\n\t\t<li>Comarable con los i5 de d\u00e9cima generaci\u00f3n por su rendimiento multin\u00facleo <a href=\"https:\/\/versus.com\/es\/amd-ryzen-5-3600x-vs-intel-core-i5-10600k\">Comparaci\u00f3n<\/a><\/li>\r\n\t\t<ul>\r\n\t\t\t<li>6 Nucleos 12 hilos<\/li>\r\n\t\t\t<li>Velocidad base reloj-> 3,8GHz<\/li>\r\n\t\t\t<li>Velocidad turbo reloj-> 4,4GHz<\/li>\r\n\t\t\t<li>Buena capaciad de O.C. por muy poca diferencia del <a href=\"https:\/\/amzn.to\/2TAgkd1\">Ryzen 5 3600<\/a>)<\/li>\r\n\t\t<\/ul>\r\n\t<\/ul>\t\t\r\n\t<h3><b><a href=\"https:\/\/amzn.to\/37RFT1z\"> Corsair Vengeance LPX DDR4 3200 PC4-25600 16GB 2X8GB CL16 Negro<\/a><\/b><\/h3>\r\n\t<ul>\r\n\t\t<li>16GB de RAM suele rondar los 75\u20ac y en ocasiones a menos frecuencia<\/li>\r\n\t\t<li>De marca Corsair, conocida por sus fuentes de alimentaci\u00f3n y por sus memorias RAM<\/li>\r\n\t\t<ul>\r\n\t\t\t<li>Tecnolog\u00eda DDR4<\/li>\r\n\t\t\t<li>Latencia CL16<\/li>\r\n\t\t\t<li>Velocidad de reloj 3200 MHz<\/li>\r\n\t\t<\/ul>\r\n\t<\/ul>\r\n\t<h3><b><a href=\"https:\/\/amzn.to\/2HLUXTN\">TooQ TQXGEII-700SAP 700W 80 Plus Bronze<\/a><\/b><\/h3>\r\n\t<ul>\r\n\t\t<li> Marca conocida con certificaci\u00f3n de ahorro energ\u00e9tico 80 Plus Bronce<\/li>\r\n\t\t<ul>\r\n\t\t\t<li>Potencia total 700W<\/li>\r\n\t\t\t<li>Puertos e Interfaces<\/li>\r\n\t\t\t<ul>\r\n\t\t\t\t<li>Alimentador de energ\u00eda para tarjeta madre: 20+4 pin ATX<\/li>\r\n\t\t\t\t<li>Conectores de poder (4 pin) periferales (Molex): 1<\/li>\r\n\t\t\t\t<li>N\u00famero de conectores de energ\u00eda SATA: 6<\/li>\r\n\t\t\t\t<li>Longitud del cable de alimentaci\u00f3n SATA: 150, 450 mm<\/li>\r\n\t\t\t\t<li>Longitud del cable de alimentaci\u00f3n perif\u00e9rico (Molex): 450 mm<\/li>\r\n\t\t\t\t<li>Conector de energ\u00eda EPS (8-pin): Si<\/li>\r\n\t\t\t\t<li>Conectores de poder PCI Express (6 + 2 pin): 1<\/li>\r\n\t\t\t\t<li>Conector de poder ATX (20 + 4 pin): Si<\/li>\r\n\t\t\t\t<li>Conector a unidad de disquetes: Si<\/li>\r\n\t\t\t<\/ul>\r\n\t\t<\/ul>\r\n\t<\/ul>\t\r\n<\/body>\r\n<\/html>\t\t<\/div>\n\t\t\t\t<\/div>\n\t\t\t\t\t\t<\/div>\n\t\t\t\t\t<\/div>\n\t\t<\/div>\n\t\t\t\t\t\t\t\t<\/div>\n\t\t\t\t\t<\/div>\n\t\t<\/section>\n\t\t\t\t<section class=\"elementor-section elementor-top-section elementor-element elementor-element-4fb85c4 elementor-section-boxed elementor-section-height-default elementor-section-height-default\" data-id=\"4fb85c4\" data-element_type=\"section\">\n\t\t\t\t\t\t<div class=\"elementor-container elementor-column-gap-default\">\n\t\t\t\t\t\t\t<div class=\"elementor-row\">\n\t\t\t\t\t<div class=\"elementor-column elementor-col-50 elementor-top-column elementor-element elementor-element-13d2e3e\" data-id=\"13d2e3e\" data-element_type=\"column\">\n\t\t\t<div class=\"elementor-column-wrap elementor-element-populated\">\n\t\t\t\t\t\t\t<div class=\"elementor-widget-wrap\">\n\t\t\t\t\t\t<div class=\"elementor-element elementor-element-cc06866 elementor-widget elementor-widget-html\" data-id=\"cc06866\" data-element_type=\"widget\" data-widget_type=\"html.default\">\n\t\t\t\t<div class=\"elementor-widget-container\">\n\t\t\t\t<table>\r\n\t\t<tr>\r\n\t\t\t<td>\r\n\t\t\t\t<iframe style=\"width:120px;height:240px;\" marginwidth=\"0\" marginheight=\"0\" scrolling=\"no\" frameborder=\"0\" src=\"\/\/rcm-eu.amazon-adsystem.com\/e\/cm?lt1=_blank&bc1=000000&IS2=1&bg1=FFFFFF&fc1=000000&lc1=0000FF&t=zonama07-21&language=es_ES&o=30&p=8&l=as4&m=amazon&f=ifr&ref=as_ss_li_til&asins=B07STGGQ18&linkId=5fad6007958c8a7912d30dc5c77ce86a\"><\/iframe>\r\n\t\t\t<\/td>\r\n\t\t\t<td>\r\n\t\t\t\t<iframe style=\"width:120px;height:240px;\" marginwidth=\"0\" marginheight=\"0\" scrolling=\"no\" frameborder=\"0\" src=\"\/\/rcm-eu.amazon-adsystem.com\/e\/cm?lt1=_blank&bc1=000000&IS2=1&bg1=FFFFFF&fc1=000000&lc1=0000FF&t=zonama07-21&language=es_ES&o=30&p=8&l=as4&m=amazon&f=ifr&ref=as_ss_li_til&asins=B07SQBFN2D&linkId=bc7503e3dbc99c38f8c5d1e2c2d3641b\"><\/iframe>\r\n\t\t\t<\/td>\r\n\t\t\t<td>\r\n\t\t\t\t<iframe style=\"width:120px;height:240px;\" marginwidth=\"0\" marginheight=\"0\" scrolling=\"no\" frameborder=\"0\" src=\"\/\/rcm-eu.amazon-adsystem.com\/e\/cm?lt1=_blank&bc1=000000&IS2=1&bg1=FFFFFF&fc1=000000&lc1=0000FF&t=zonama07-21&language=es_ES&o=30&p=8&l=as4&m=amazon&f=ifr&ref=as_ss_li_til&asins=B089HF7ZRS&linkId=6583d91e45c33d1066a8a3d98468a2b3\"><\/iframe>\r\n\t\t\t<\/td>\r\n\t\t<\/tr>\r\n\t<\/table>\t\t<\/div>\n\t\t\t\t<\/div>\n\t\t\t\t\t\t<\/div>\n\t\t\t\t\t<\/div>\n\t\t<\/div>\n\t\t\t\t<div class=\"elementor-column elementor-col-50 elementor-top-column elementor-element elementor-element-eba6216\" data-id=\"eba6216\" data-element_type=\"column\">\n\t\t\t<div class=\"elementor-column-wrap elementor-element-populated\">\n\t\t\t\t\t\t\t<div class=\"elementor-widget-wrap\">\n\t\t\t\t\t\t<div class=\"elementor-element elementor-element-be32ded elementor-widget elementor-widget-html\" data-id=\"be32ded\" data-element_type=\"widget\" data-widget_type=\"html.default\">\n\t\t\t\t<div class=\"elementor-widget-container\">\n\t\t\t<TABLE><TR>\r\n<TD >\r\n<iframe style=\"width:120px;height:240px;\" marginwidth=\"0\" marginheight=\"0\" scrolling=\"no\" frameborder=\"0\" src=\"\/\/rcm-eu.amazon-adsystem.com\/e\/cm?lt1=_blank&bc1=000000&IS2=1&bg1=FFFFFF&fc1=000000&lc1=0000FF&t=zonama07-21&language=es_ES&o=30&p=8&l=as4&m=amazon&f=ifr&ref=as_ss_li_til&asins=B07ZPL9LX5&linkId=087b4bc551945ed60a97127663634681\"><\/iframe>\r\n<\/TD>\r\n<TD >\r\n<iframe style=\"width:120px;height:240px;\" marginwidth=\"0\" marginheight=\"0\" scrolling=\"no\" frameborder=\"0\" src=\"\/\/rcm-eu.amazon-adsystem.com\/e\/cm?lt1=_blank&bc1=000000&IS2=1&bg1=FFFFFF&fc1=000000&lc1=0000FF&t=zonama07-21&language=es_ES&o=30&p=8&l=as4&m=amazon&f=ifr&ref=as_ss_li_til&asins=B07RS1G6XW&linkId=5f1aa40d8e2e349a9aa50908aee4a189\"><\/iframe>\r\n<\/TD>\r\n<TD >\r\n<iframe style=\"width:120px;height:240px;\" marginwidth=\"0\" marginheight=\"0\" scrolling=\"no\" frameborder=\"0\" src=\"\/\/rcm-eu.amazon-adsystem.com\/e\/cm?lt1=_blank&bc1=000000&IS2=1&bg1=FFFFFF&fc1=000000&lc1=0000FF&t=zonama07-21&language=es_ES&o=30&p=8&l=as4&m=amazon&f=ifr&ref=as_ss_li_til&asins=B01N23NS65&linkId=bdb43335c11d3962932e104396efd345\"><\/iframe>\r\n<\/TD>\r\n<\/TR>\r\n<\/TABLE>\t\t<\/div>\n\t\t\t\t<\/div>\n\t\t\t\t\t\t<\/div>\n\t\t\t\t\t<\/div>\n\t\t<\/div>\n\t\t\t\t\t\t\t\t<\/div>\n\t\t\t\t\t<\/div>\n\t\t<\/section>\n\t\t\t\t<section class=\"elementor-section elementor-top-section elementor-element elementor-element-e010aad elementor-section-boxed elementor-section-height-default elementor-section-height-default\" data-id=\"e010aad\" data-element_type=\"section\">\n\t\t\t\t\t\t<div class=\"elementor-container elementor-column-gap-default\">\n\t\t\t\t\t\t\t<div class=\"elementor-row\">\n\t\t\t\t\t<div class=\"elementor-column elementor-col-33 elementor-top-column elementor-element elementor-element-d3cd809\" data-id=\"d3cd809\" data-element_type=\"column\">\n\t\t\t<div class=\"elementor-column-wrap\">\n\t\t\t\t\t\t\t<div class=\"elementor-widget-wrap\">\n\t\t\t\t\t\t\t\t<\/div>\n\t\t\t\t\t<\/div>\n\t\t<\/div>\n\t\t\t\t<div class=\"elementor-column elementor-col-33 elementor-top-column elementor-element elementor-element-a3464b2\" data-id=\"a3464b2\" data-element_type=\"column\">\n\t\t\t<div class=\"elementor-column-wrap elementor-element-populated\">\n\t\t\t\t\t\t\t<div class=\"elementor-widget-wrap\">\n\t\t\t\t\t\t<div class=\"elementor-element elementor-element-12cc419 elementor-widget elementor-widget-html\" data-id=\"12cc419\" data-element_type=\"widget\" data-widget_type=\"html.default\">\n\t\t\t\t<div class=\"elementor-widget-container\">\n\t\t\t<iframe src=\"https:\/\/rcm-eu.amazon-adsystem.com\/e\/cm?o=30&p=13&l=ur1&category=amu&banner=0A9W2HW0W5YDJVHQJD82&f=ifr&linkID=cbea5a8898bc25d4abc1cc8cc8496a52&t=zonama07-21&tracking_id=zonama07-21\" width=\"468\" height=\"60\" scrolling=\"no\" border=\"0\" marginwidth=\"0\" style=\"border:none;\" frameborder=\"0\"><\/iframe>\t\t<\/div>\n\t\t\t\t<\/div>\n\t\t\t\t\t\t<\/div>\n\t\t\t\t\t<\/div>\n\t\t<\/div>\n\t\t\t\t<div class=\"elementor-column elementor-col-33 elementor-top-column elementor-element elementor-element-79bbc21\" data-id=\"79bbc21\" data-element_type=\"column\">\n\t\t\t<div class=\"elementor-column-wrap\">\n\t\t\t\t\t\t\t<div class=\"elementor-widget-wrap\">\n\t\t\t\t\t\t\t\t<\/div>\n\t\t\t\t\t<\/div>\n\t\t<\/div>\n\t\t\t\t\t\t\t\t<\/div>\n\t\t\t\t\t<\/div>\n\t\t<\/section>\n\t\t\t\t<section class=\"elementor-section elementor-top-section elementor-element elementor-element-f338a76 elementor-section-boxed elementor-section-height-default elementor-section-height-default\" data-id=\"f338a76\" data-element_type=\"section\">\n\t\t\t\t\t\t<div class=\"elementor-container elementor-column-gap-default\">\n\t\t\t\t\t\t\t<div class=\"elementor-row\">\n\t\t\t\t\t<div class=\"elementor-column elementor-col-100 elementor-top-column elementor-element elementor-element-7802d08\" data-id=\"7802d08\" data-element_type=\"column\">\n\t\t\t<div class=\"elementor-column-wrap\">\n\t\t\t\t\t\t\t<div class=\"elementor-widget-wrap\">\n\t\t\t\t\t\t\t\t<\/div>\n\t\t\t\t\t<\/div>\n\t\t<\/div>\n\t\t\t\t\t\t\t\t<\/div>\n\t\t\t\t\t<\/div>\n\t\t<\/section>\n\t\t\t\t\t\t\t\t\t<\/div>\n\t\t\t<\/div>\n\t\t\t\t\t<\/div>\n\t\t","protected":false},"excerpt":{"rendered":"<p>tecnolog\u00eda Te mostramos c\u00f3mo puedes actualizar tu PC de sobremesa para trasformarlo en un PC Gamer. Los componentes tienen la mejor relacci\u00f3n Calidad\/Precio para conseguir que el equipo funcione de forma fluida con juegos exigentes. Asus PRIME B550M-k Placa de Alta-Media gamma, calidad precio 10\/10 Placa con Dacket AM4 de tercera generaci\u00f3n de Ryzan con &hellip;<\/p>\n<p class=\"read-more\"> <a class=\"\" href=\"https:\/\/nocturnas.org\/index.php\/zona-gamer\/\"> <span class=\"screen-reader-text\">ZONA GAMER<\/span> Leer m\u00e1s &raquo;<\/a><\/p>\n","protected":false},"author":1,"featured_media":0,"parent":0,"menu_order":0,"comment_status":"closed","ping_status":"closed","template":"","meta":{"_monsterinsights_skip_tracking":false,"_monsterinsights_sitenote_active":false,"_monsterinsights_sitenote_note":"","_monsterinsights_sitenote_category":0},"_links":{"self":[{"href":"https:\/\/nocturnas.org\/index.php\/wp-json\/wp\/v2\/pages\/852"}],"collection":[{"href":"https:\/\/nocturnas.org\/index.php\/wp-json\/wp\/v2\/pages"}],"about":[{"href":"https:\/\/nocturnas.org\/index.php\/wp-json\/wp\/v2\/types\/page"}],"author":[{"embeddable":true,"href":"https:\/\/nocturnas.org\/index.php\/wp-json\/wp\/v2\/users\/1"}],"replies":[{"embeddable":true,"href":"https:\/\/nocturnas.org\/index.php\/wp-json\/wp\/v2\/comments?post=852"}],"version-history":[{"count":14,"href":"https:\/\/nocturnas.org\/index.php\/wp-json\/wp\/v2\/pages\/852\/revisions"}],"predecessor-version":[{"id":873,"href":"https:\/\/nocturnas.org\/index.php\/wp-json\/wp\/v2\/pages\/852\/revisions\/873"}],"wp:attachment":[{"href":"https:\/\/nocturnas.org\/index.php\/wp-json\/wp\/v2\/media?parent=852"}],"curies":[{"name":"wp","href":"https:\/\/api.w.org\/{rel}","templated":true}]}}