{"id":3565,"date":"2022-11-26T17:43:04","date_gmt":"2022-11-26T17:43:04","guid":{"rendered":"http:\/\/nocturnas.org\/?page_id=3565"},"modified":"2022-11-26T17:58:09","modified_gmt":"2022-11-26T17:58:09","slug":"rutas-cabecera","status":"publish","type":"page","link":"https:\/\/nocturnas.org\/index.php\/rutas-cabecera\/","title":{"rendered":"Rutas-Cabecera"},"content":{"rendered":"\t\t<div data-elementor-type=\"wp-page\" data-elementor-id=\"3565\" class=\"elementor elementor-3565\">\n\t\t\t\t\t\t<div class=\"elementor-inner\">\n\t\t\t\t<div class=\"elementor-section-wrap\">\n\t\t\t\t\t\t\t\t\t<section class=\"elementor-section elementor-top-section elementor-element elementor-element-c07ad44 elementor-section-boxed elementor-section-height-default elementor-section-height-default\" data-id=\"c07ad44\" data-element_type=\"section\">\n\t\t\t\t\t\t<div class=\"elementor-container elementor-column-gap-default\">\n\t\t\t\t\t\t\t<div class=\"elementor-row\">\n\t\t\t\t\t<div class=\"elementor-column elementor-col-100 elementor-top-column elementor-element elementor-element-afa9adb\" data-id=\"afa9adb\" data-element_type=\"column\">\n\t\t\t<div class=\"elementor-column-wrap elementor-element-populated\">\n\t\t\t\t\t\t\t<div class=\"elementor-widget-wrap\">\n\t\t\t\t\t\t<div class=\"elementor-element elementor-element-18d3b6e elementor-widget elementor-widget-image\" data-id=\"18d3b6e\" data-element_type=\"widget\" data-widget_type=\"image.default\">\n\t\t\t\t<div class=\"elementor-widget-container\">\n\t\t\t\t\t\t\t\t<div class=\"elementor-image\">\n\t\t\t\t\t\t\t\t\t\t\t\t<img src=\"http:\/\/nocturnas.org\/wp-content\/uploads\/2020\/10\/Oportunidades-3.jpg\" title=\"\" alt=\"\" \/>\t\t\t\t\t\t\t\t\t\t\t\t\t\t<\/div>\n\t\t\t\t\t\t<\/div>\n\t\t\t\t<\/div>\n\t\t\t\t<section class=\"elementor-section elementor-inner-section elementor-element elementor-element-f069928 elementor-section-boxed elementor-section-height-default elementor-section-height-default\" data-id=\"f069928\" data-element_type=\"section\">\n\t\t\t\t\t\t<div class=\"elementor-container elementor-column-gap-default\">\n\t\t\t\t\t\t\t<div class=\"elementor-row\">\n\t\t\t\t\t<div class=\"elementor-column elementor-col-100 elementor-inner-column elementor-element elementor-element-b81408a\" data-id=\"b81408a\" data-element_type=\"column\">\n\t\t\t<div class=\"elementor-column-wrap elementor-element-populated\">\n\t\t\t\t\t\t\t<div class=\"elementor-widget-wrap\">\n\t\t\t\t\t\t<div class=\"elementor-element elementor-element-484dba0 elementor-widget elementor-widget-heading\" data-id=\"484dba0\" data-element_type=\"widget\" data-widget_type=\"heading.default\">\n\t\t\t\t<div class=\"elementor-widget-container\">\n\t\t\t<h2 class=\"elementor-heading-title elementor-size-default\">rutas<\/h2>\t\t<\/div>\n\t\t\t\t<\/div>\n\t\t\t\t<div class=\"elementor-element elementor-element-a92d46b elementor-widget elementor-widget-text-editor\" data-id=\"a92d46b\" data-element_type=\"widget\" data-widget_type=\"text-editor.default\">\n\t\t\t\t<div class=\"elementor-widget-container\">\n\t\t\t\t\t\t\t\t<div class=\"elementor-text-editor elementor-clearfix\">\n\t\t\t\t<h3><span class=\"wsw-02\">El objetivo no es llegar sino estar yendo.<\/span><\/h3><div><span class=\"wsw-02\">En esta apartado encontrar\u00e1s diferentes ruta que se pueden hacer en menos de una d\u00eda, puede ser incluso una tardes despu\u00e9s de salir del trabajo para despejar la mente y hacer un poco de deporte al aire libre.<\/span><\/div><div>\u00a0<\/div><div>Todas ellas tiene un track que se puede descargar para tomar ideas. Las m\u00e1s actuales tiene alguna descripci\u00f3n de como fue, que puede darte una idea del tipo de ruta. Hay rutas de todos tipo, tranquilas y ca\u00f1eras. sencillas y t\u00e9cnicas, cortas y largas para echarle todo el d\u00eda. En nuestro grupo hay gente de todos los niveles y las rutas se adaptan a las caracter\u00edsticas del grupo de ese d\u00eda. Cuando hay tiempo se cuelgan aquellas que nos han parecido m\u00e1s destacadas por diferentes motivos: por su belleza, alguna zona nueva explorada, por tener senderos disfrutones,\u00a0 etc.<\/div><div>\u00a0<\/div><div>Tambi\u00e9n tienes que tener en cuenta la \u00e9poca del a\u00f1o, una ruta es muy diferente en cada \u00e9poca del a\u00f1o, tanto por su exigencia:\u00a0 fr\u00edo, calor, nieve;\u00a0 como por su belleza.<\/div><div>\u00a0<\/div><div>Nuestra recomendaci\u00f3n es que siempre revises el track y lo adaptes a tus gustos y caracter\u00edsticas. Que sirva para tomar ideas, si eres un biker que lleva tiempo montando ya habr\u00e1s descubierto que con el tiempo algunos senderos o caminos se pueden cerrar. Igualmente mucho de los track suelen tener alternativas y ramales que quiz\u00e1s se ajusten a tu destino de salida o llegada. Muchas rutas tiene muchas variantes por las que hemos pasado, pero la intenci\u00f3n es no colgar rutas similares.<\/div><div>\u00a0<\/div><div>Espero que te ayuden y nos vemos en el camino.<\/div><div>\u00a0<\/div>\t\t\t\t\t<\/div>\n\t\t\t\t\t\t<\/div>\n\t\t\t\t<\/div>\n\t\t\t\t\t\t<\/div>\n\t\t\t\t\t<\/div>\n\t\t<\/div>\n\t\t\t\t\t\t\t\t<\/div>\n\t\t\t\t\t<\/div>\n\t\t<\/section>\n\t\t\t\t\t\t<\/div>\n\t\t\t\t\t<\/div>\n\t\t<\/div>\n\t\t\t\t\t\t\t\t<\/div>\n\t\t\t\t\t<\/div>\n\t\t<\/section>\n\t\t\t\t\t\t\t\t\t<\/div>\n\t\t\t<\/div>\n\t\t\t\t\t<\/div>\n\t\t","protected":false},"excerpt":{"rendered":"<p>rutas El objetivo no es llegar sino estar yendo. En esta apartado encontrar\u00e1s diferentes ruta que se pueden hacer en menos de una d\u00eda, puede ser incluso una tardes despu\u00e9s de salir del trabajo para despejar la mente y hacer un poco de deporte al aire libre.\u00a0Todas ellas tiene un track que se puede descargar &hellip;<\/p>\n<p class=\"read-more\"> <a class=\"\" href=\"https:\/\/nocturnas.org\/index.php\/rutas-cabecera\/\"> <span class=\"screen-reader-text\">Rutas-Cabecera<\/span> Leer m\u00e1s &raquo;<\/a><\/p>\n","protected":false},"author":1,"featured_media":0,"parent":0,"menu_order":0,"comment_status":"closed","ping_status":"closed","template":"","meta":{"_monsterinsights_skip_tracking":false,"_monsterinsights_sitenote_active":false,"_monsterinsights_sitenote_note":"","_monsterinsights_sitenote_category":0},"_links":{"self":[{"href":"https:\/\/nocturnas.org\/index.php\/wp-json\/wp\/v2\/pages\/3565"}],"collection":[{"href":"https:\/\/nocturnas.org\/index.php\/wp-json\/wp\/v2\/pages"}],"about":[{"href":"https:\/\/nocturnas.org\/index.php\/wp-json\/wp\/v2\/types\/page"}],"author":[{"embeddable":true,"href":"https:\/\/nocturnas.org\/index.php\/wp-json\/wp\/v2\/users\/1"}],"replies":[{"embeddable":true,"href":"https:\/\/nocturnas.org\/index.php\/wp-json\/wp\/v2\/comments?post=3565"}],"version-history":[{"count":8,"href":"https:\/\/nocturnas.org\/index.php\/wp-json\/wp\/v2\/pages\/3565\/revisions"}],"predecessor-version":[{"id":3574,"href":"https:\/\/nocturnas.org\/index.php\/wp-json\/wp\/v2\/pages\/3565\/revisions\/3574"}],"wp:attachment":[{"href":"https:\/\/nocturnas.org\/index.php\/wp-json\/wp\/v2\/media?parent=3565"}],"curies":[{"name":"wp","href":"https:\/\/api.w.org\/{rel}","templated":true}]}}