{"id":2627,"date":"2021-12-06T20:19:27","date_gmt":"2021-12-06T20:19:27","guid":{"rendered":"http:\/\/nocturnas.org\/?page_id=2627"},"modified":"2022-11-24T19:32:35","modified_gmt":"2022-11-24T19:32:35","slug":"ruta-jamon-3","status":"publish","type":"page","link":"https:\/\/nocturnas.org\/index.php\/ruta-jamon-3\/","title":{"rendered":"Ruta Jamon III"},"content":{"rendered":"\t\t<div data-elementor-type=\"wp-page\" data-elementor-id=\"2627\" class=\"elementor elementor-2627\">\n\t\t\t\t\t\t<div class=\"elementor-inner\">\n\t\t\t\t<div class=\"elementor-section-wrap\">\n\t\t\t\t\t\t\t\t\t<section class=\"elementor-section elementor-top-section elementor-element elementor-element-75bb91b1 elementor-section-boxed elementor-section-height-default elementor-section-height-default\" data-id=\"75bb91b1\" data-element_type=\"section\">\n\t\t\t\t\t\t<div class=\"elementor-container elementor-column-gap-default\">\n\t\t\t\t\t\t\t<div class=\"elementor-row\">\n\t\t\t\t\t<div class=\"elementor-column elementor-col-100 elementor-top-column elementor-element elementor-element-273e7613\" data-id=\"273e7613\" data-element_type=\"column\">\n\t\t\t<div class=\"elementor-column-wrap elementor-element-populated\">\n\t\t\t\t\t\t\t<div class=\"elementor-widget-wrap\">\n\t\t\t\t\t\t<div class=\"elementor-element elementor-element-19c36f1e elementor-widget elementor-widget-heading\" data-id=\"19c36f1e\" data-element_type=\"widget\" data-widget_type=\"heading.default\">\n\t\t\t\t<div class=\"elementor-widget-container\">\n\t\t\t<h2 class=\"elementor-heading-title elementor-size-default\">III ruta del jam\u00f3n<\/h2>\t\t<\/div>\n\t\t\t\t<\/div>\n\t\t\t\t<div class=\"elementor-element elementor-element-326c590 elementor-widget elementor-widget-text-editor\" data-id=\"326c590\" data-element_type=\"widget\" data-widget_type=\"text-editor.default\">\n\t\t\t\t<div class=\"elementor-widget-container\">\n\t\t\t\t\t\t\t\t<div class=\"elementor-text-editor elementor-clearfix\">\n\t\t\t\t<p>Debido al Covid, la <strong>III Edici\u00f3n de la Ruta del Jam\u00f3n<\/strong> se demor\u00f3 m\u00e1s de lo debido. Las ganas por sacar a pasear el jam\u00f3n eran incontrolables.<\/p><p>Lo primero, recoger el jam\u00f3n encargado por Roberto. La dependienta que nos atiende muy amablemente, nos da a probar algunos quesos y chorizo que tambi\u00e9n a\u00f1adimos a la cesta junto con alg\u00fan vino, por si nos quedamos cortos.<\/p><p>La primera parada en La Dehesa, donde hay unos chavales practicando MTB, nos paramos a comer para dar ejemplo. La bici es exigente y hay que disfrutarla, el ejercicio debe tener su premio ;-).<\/p><p>En la segunda parada , un parque cerca del embalse de\u00a0 Navacerrada, se une Jes\u00fas con sus pasteles. Toca dar la vuelta al jam\u00f3n bajo la atenta mirada de una ardilla que nos observa desde lo alto de un pino.<\/p><p>\u00daltima parada\u00a0 junto al arroyo de Fuentidue\u00f1a, en Cerceda, donde rematamos el jam\u00f3n acompa\u00f1ado por unas sidras bien frescas que nos trae Virginia.\u00a0 Roc\u00edo tambi\u00e9n se une a la fiesta, aunque cuando llega nos pilla a m\u00e1s de uno tumbado en el c\u00e9sped preparado para la siesta.<\/p><p>Tomamos un caf\u00e9 en un bar cercano, que se hace necesario para la vuelta, la digesti\u00f3n va a ser larga.<\/p><p>Gracias a un buen trabajo en equipo volvemos a conseguir quitar la <strong><em>\u00abgran carga\u00bb<\/em><\/strong> a Guti, nuestro porteador del jam\u00f3n. De vuelta todos llevamos un poco m\u00e1s de peso y una gran sonrisa.<\/p><p>Nos vemos en la IV Edici\u00f3n.<\/p><p>9\/10\/2021<\/p>\t\t\t\t\t<\/div>\n\t\t\t\t\t\t<\/div>\n\t\t\t\t<\/div>\n\t\t\t\t\t\t<\/div>\n\t\t\t\t\t<\/div>\n\t\t<\/div>\n\t\t\t\t\t\t\t\t<\/div>\n\t\t\t\t\t<\/div>\n\t\t<\/section>\n\t\t\t\t<section class=\"elementor-section elementor-top-section elementor-element elementor-element-355a795f elementor-section-boxed elementor-section-height-default elementor-section-height-default\" data-id=\"355a795f\" data-element_type=\"section\">\n\t\t\t\t\t\t<div class=\"elementor-container elementor-column-gap-default\">\n\t\t\t\t\t\t\t<div class=\"elementor-row\">\n\t\t\t\t\t<div class=\"elementor-column elementor-col-100 elementor-top-column elementor-element elementor-element-8f2e490\" data-id=\"8f2e490\" data-element_type=\"column\">\n\t\t\t<div class=\"elementor-column-wrap elementor-element-populated\">\n\t\t\t\t\t\t\t<div class=\"elementor-widget-wrap\">\n\t\t\t\t\t\t<div class=\"elementor-element elementor-element-552d9fab elementor-arrows-position-inside elementor-pagination-position-outside elementor-widget elementor-widget-image-carousel\" data-id=\"552d9fab\" data-element_type=\"widget\" data-settings=\"{&quot;navigation&quot;:&quot;both&quot;,&quot;autoplay&quot;:&quot;yes&quot;,&quot;pause_on_hover&quot;:&quot;yes&quot;,&quot;pause_on_interaction&quot;:&quot;yes&quot;,&quot;autoplay_speed&quot;:5000,&quot;infinite&quot;:&quot;yes&quot;,&quot;speed&quot;:500}\" data-widget_type=\"image-carousel.default\">\n\t\t\t\t<div class=\"elementor-widget-container\">\n\t\t\t\t\t<div class=\"elementor-image-carousel-wrapper swiper-container\" dir=\"ltr\">\n\t\t\t<div class=\"elementor-image-carousel swiper-wrapper\">\n\t\t\t\t\t\t\t\t<div class=\"swiper-slide\"><figure class=\"swiper-slide-inner\"><img class=\"swiper-slide-image\" src=\"https:\/\/nocturnas.org\/wp-content\/uploads\/RUTAS\/FOTOS\/Jamon3\/Ruta_Jam\u00f3n3 (26)-e1638823260194-1024x768.jpeg\" alt=\"Ruta_Jam\u00f3n3 (26)\" \/><\/figure><\/div><div class=\"swiper-slide\"><figure class=\"swiper-slide-inner\"><img class=\"swiper-slide-image\" src=\"https:\/\/nocturnas.org\/wp-content\/uploads\/RUTAS\/FOTOS\/Jamon3\/Ruta_Jam\u00f3n3 (4)-e1638823287860-1024x768.jpeg\" alt=\"Ruta_Jam\u00f3n3 (4)\" \/><\/figure><\/div><div class=\"swiper-slide\"><figure class=\"swiper-slide-inner\"><img class=\"swiper-slide-image\" src=\"https:\/\/nocturnas.org\/wp-content\/uploads\/RUTAS\/FOTOS\/Jamon3\/Ruta_Jam\u00f3n3 (2)-1024x473.jpeg\" alt=\"Ruta_Jam\u00f3n3 (2)\" \/><\/figure><\/div><div class=\"swiper-slide\"><figure class=\"swiper-slide-inner\"><img class=\"swiper-slide-image\" src=\"https:\/\/nocturnas.org\/wp-content\/uploads\/RUTAS\/FOTOS\/Jamon3\/Ruta_Jam\u00f3n3 (6)-1024x473.jpeg\" alt=\"Ruta_Jam\u00f3n3 (6)\" \/><\/figure><\/div><div class=\"swiper-slide\"><figure class=\"swiper-slide-inner\"><img class=\"swiper-slide-image\" src=\"https:\/\/nocturnas.org\/wp-content\/uploads\/RUTAS\/FOTOS\/Jamon3\/Ruta_Jam\u00f3n3 (8)-e1638829373398-1024x768.jpeg\" alt=\"Ruta_Jam\u00f3n3 (8)\" \/><\/figure><\/div><div class=\"swiper-slide\"><figure class=\"swiper-slide-inner\"><img class=\"swiper-slide-image\" src=\"https:\/\/nocturnas.org\/wp-content\/uploads\/RUTAS\/FOTOS\/Jamon3\/Ruta_Jam\u00f3n3 (10)-e1638830187889-1024x500.jpeg\" alt=\"Ruta_Jam\u00f3n3 (10)\" \/><\/figure><\/div><div class=\"swiper-slide\"><figure class=\"swiper-slide-inner\"><img class=\"swiper-slide-image\" src=\"https:\/\/nocturnas.org\/wp-content\/uploads\/RUTAS\/FOTOS\/Jamon3\/Ruta_Jam\u00f3n3 (12)-1024x576.jpeg\" alt=\"Ruta_Jam\u00f3n3 (12)\" \/><\/figure><\/div><div class=\"swiper-slide\"><figure class=\"swiper-slide-inner\"><img class=\"swiper-slide-image\" src=\"https:\/\/nocturnas.org\/wp-content\/uploads\/RUTAS\/FOTOS\/Jamon3\/Ruta_Jam\u00f3n3 (5)-1024x768.jpeg\" alt=\"Ruta_Jam\u00f3n3 (5)\" \/><\/figure><\/div><div class=\"swiper-slide\"><figure class=\"swiper-slide-inner\"><img class=\"swiper-slide-image\" src=\"https:\/\/nocturnas.org\/wp-content\/uploads\/RUTAS\/FOTOS\/Jamon3\/Ruta_Jam\u00f3n3 (13)-1024x576.jpeg\" alt=\"Ruta_Jam\u00f3n3 (13)\" \/><\/figure><\/div><div class=\"swiper-slide\"><figure class=\"swiper-slide-inner\"><img class=\"swiper-slide-image\" src=\"https:\/\/nocturnas.org\/wp-content\/uploads\/RUTAS\/FOTOS\/Jamon3\/Ruta_Jam\u00f3n3 (28)-e1638829424271-1024x768.jpeg\" alt=\"Ruta_Jam\u00f3n3 (28)\" \/><\/figure><\/div><div class=\"swiper-slide\"><figure class=\"swiper-slide-inner\"><img class=\"swiper-slide-image\" src=\"https:\/\/nocturnas.org\/wp-content\/uploads\/RUTAS\/FOTOS\/Jamon3\/Ruta_Jam\u00f3n3 (29)-e1638829473614-1024x768.jpeg\" alt=\"Ruta_Jam\u00f3n3 (29)\" \/><\/figure><\/div><div class=\"swiper-slide\"><figure class=\"swiper-slide-inner\"><img class=\"swiper-slide-image\" src=\"https:\/\/nocturnas.org\/wp-content\/uploads\/RUTAS\/FOTOS\/Jamon3\/Ruta_Jam\u00f3n3 (24)-1024x768.jpeg\" alt=\"Ruta_Jam\u00f3n3 (24)\" \/><\/figure><\/div><div class=\"swiper-slide\"><figure class=\"swiper-slide-inner\"><img class=\"swiper-slide-image\" src=\"https:\/\/nocturnas.org\/wp-content\/uploads\/RUTAS\/FOTOS\/Jamon3\/Ruta_Jam\u00f3n3 (14)-1024x576.jpeg\" alt=\"Ruta_Jam\u00f3n3 (14)\" \/><\/figure><\/div><div class=\"swiper-slide\"><figure class=\"swiper-slide-inner\"><img class=\"swiper-slide-image\" src=\"https:\/\/nocturnas.org\/wp-content\/uploads\/RUTAS\/FOTOS\/Jamon3\/Ruta_Jam\u00f3n3 (15)-e1638829740292-1024x768.jpeg\" alt=\"Ruta_Jam\u00f3n3 (15)\" \/><\/figure><\/div><div class=\"swiper-slide\"><figure class=\"swiper-slide-inner\"><img class=\"swiper-slide-image\" src=\"https:\/\/nocturnas.org\/wp-content\/uploads\/RUTAS\/FOTOS\/Jamon3\/Ruta_Jam\u00f3n3 (16)-1024x768.jpeg\" alt=\"Ruta_Jam\u00f3n3 (16)\" \/><\/figure><\/div><div class=\"swiper-slide\"><figure class=\"swiper-slide-inner\"><img class=\"swiper-slide-image\" src=\"https:\/\/nocturnas.org\/wp-content\/uploads\/RUTAS\/FOTOS\/Jamon3\/Ruta_Jam\u00f3n3 (33)-1024x472.jpeg\" alt=\"Ruta_Jam\u00f3n3 (33)\" \/><\/figure><\/div><div class=\"swiper-slide\"><figure class=\"swiper-slide-inner\"><img class=\"swiper-slide-image\" src=\"https:\/\/nocturnas.org\/wp-content\/uploads\/RUTAS\/FOTOS\/Jamon3\/Ruta_Jam\u00f3n3 (32)-1024x768.jpeg\" alt=\"Ruta_Jam\u00f3n3 (32)\" \/><\/figure><\/div><div class=\"swiper-slide\"><figure class=\"swiper-slide-inner\"><img class=\"swiper-slide-image\" src=\"https:\/\/nocturnas.org\/wp-content\/uploads\/RUTAS\/FOTOS\/Jamon3\/Ruta_Jam\u00f3n3 (18)-1024x472.jpeg\" alt=\"Ruta_Jam\u00f3n3 (18)\" \/><\/figure><\/div><div class=\"swiper-slide\"><figure class=\"swiper-slide-inner\"><img class=\"swiper-slide-image\" src=\"https:\/\/nocturnas.org\/wp-content\/uploads\/RUTAS\/FOTOS\/Jamon3\/Ruta_Jam\u00f3n3 (17)-e1638829698331-1024x768.jpeg\" alt=\"Ruta_Jam\u00f3n3 (17)\" \/><\/figure><\/div><div class=\"swiper-slide\"><figure class=\"swiper-slide-inner\"><img class=\"swiper-slide-image\" src=\"https:\/\/nocturnas.org\/wp-content\/uploads\/RUTAS\/FOTOS\/Jamon3\/Ruta_Jam\u00f3n3 (19)-1024x472.jpeg\" alt=\"Ruta_Jam\u00f3n3 (19)\" \/><\/figure><\/div><div class=\"swiper-slide\"><figure class=\"swiper-slide-inner\"><img class=\"swiper-slide-image\" src=\"https:\/\/nocturnas.org\/wp-content\/uploads\/RUTAS\/FOTOS\/Jamon3\/Ruta_Jam\u00f3n3 (20)-1024x768.jpeg\" alt=\"Ruta_Jam\u00f3n3 (20)\" \/><\/figure><\/div><div class=\"swiper-slide\"><figure class=\"swiper-slide-inner\"><img class=\"swiper-slide-image\" src=\"https:\/\/nocturnas.org\/wp-content\/uploads\/RUTAS\/FOTOS\/Jamon3\/Ruta_Jam\u00f3n3 (34)-1024x766.jpeg\" alt=\"Ruta_Jam\u00f3n3 (34)\" \/><\/figure><\/div><div class=\"swiper-slide\"><figure class=\"swiper-slide-inner\"><img class=\"swiper-slide-image\" src=\"https:\/\/nocturnas.org\/wp-content\/uploads\/RUTAS\/FOTOS\/Jamon3\/Ruta_Jam\u00f3n3 (25)-1024x768.jpeg\" alt=\"Ruta_Jam\u00f3n3 (25)\" \/><\/figure><\/div>\t\t\t<\/div>\n\t\t\t\t\t\t\t\t\t\t\t\t<div class=\"swiper-pagination\"><\/div>\n\t\t\t\t\t\t\t\t\t\t\t\t\t<div class=\"elementor-swiper-button elementor-swiper-button-prev\">\n\t\t\t\t\t\t<i aria-hidden=\"true\" class=\"eicon-chevron-left\"><\/i>\t\t\t\t\t\t<span class=\"elementor-screen-only\">Anterior<\/span>\n\t\t\t\t\t<\/div>\n\t\t\t\t\t<div class=\"elementor-swiper-button elementor-swiper-button-next\">\n\t\t\t\t\t\t<i aria-hidden=\"true\" class=\"eicon-chevron-right\"><\/i>\t\t\t\t\t\t<span class=\"elementor-screen-only\">Siguiente<\/span>\n\t\t\t\t\t<\/div>\n\t\t\t\t\t\t\t\t\t<\/div>\n\t\t\t\t<\/div>\n\t\t\t\t<\/div>\n\t\t\t\t\t\t<\/div>\n\t\t\t\t\t<\/div>\n\t\t<\/div>\n\t\t\t\t\t\t\t\t<\/div>\n\t\t\t\t\t<\/div>\n\t\t<\/section>\n\t\t\t\t<section class=\"elementor-section elementor-top-section elementor-element elementor-element-34c0a58f elementor-section-boxed elementor-section-height-default elementor-section-height-default\" data-id=\"34c0a58f\" data-element_type=\"section\">\n\t\t\t\t\t\t<div class=\"elementor-container elementor-column-gap-default\">\n\t\t\t\t\t\t\t<div class=\"elementor-row\">\n\t\t\t\t\t<div class=\"elementor-column elementor-col-100 elementor-top-column elementor-element elementor-element-600a7024\" data-id=\"600a7024\" data-element_type=\"column\">\n\t\t\t<div class=\"elementor-column-wrap elementor-element-populated\">\n\t\t\t\t\t\t\t<div class=\"elementor-widget-wrap\">\n\t\t\t\t\t\t<div class=\"elementor-element elementor-element-2e9801a1 elementor-widget elementor-widget-shortcode\" data-id=\"2e9801a1\" data-element_type=\"widget\" data-widget_type=\"shortcode.default\">\n\t\t\t\t<div class=\"elementor-widget-container\">\n\t\t\t\t\t<div class=\"elementor-shortcode\">\n\n\t\t\t\t<div id=\"map_ol3js_1\" class=\"map undefined\" data-map_name=\"undefined\" data-map=\"map_ol3js_1\" style=\"width:100%; height:450px; display:vis; overflow:hidden;border:thin solid blue; background-image: url(https:\/\/nocturnas.org\/wp-content\/plugins\/osm\/GDPR_bckgrnd.png); background-repeat: no-repeat; background-position: center; position: relative;\" >\n\t\t\t\t  <div id=\"map_ol3js_1_popup\" class=\"ol-popup\" >\n\t\t\t\t\t<a href=\"#\" id=\"map_ol3js_1_popup-closer\" class=\"ol-popup-closer\"><\/a>\n\t\t\t\t\t<div id=\"map_ol3js_1_popup-content\" ><\/div>\n\t\t\t\t  <\/div>\n\t\t\t\t<\/div>\n\t\t\t\n\t\t\t\t<link rel=\"stylesheet\" href=\"https:\/\/nocturnas.org\/wp-content\/plugins\/osm\/js\/OL\/6.4.3\/ol.css\" type=\"text\/css\">\n\t\t\t\t<link rel=\"stylesheet\" href=\"https:\/\/nocturnas.org\/wp-content\/plugins\/osm\/css\/osm_map_v3.css\" type=\"text\/css\">\n\t\t\t\t<link rel=\"stylesheet\" href=\"https:\/\/nocturnas.org\/wp-content\/plugins\/osm\/css\/osm_map.css\" type=\"text\/css\">\n\t\t\t\t<!-- The line below is only needed for old environments like Internet Explorer and Android 4.x -->\n                                <script src=\"https:\/\/nocturnas.org\/wp-content\/plugins\/osm\/js\/polyfill\/v2\/polyfill.min.js?features=requestAnimationFrame,Element.prototype.classList,URL\"><\/script>\n\n\t\t\t\t<script src=\"https:\/\/nocturnas.org\/wp-content\/plugins\/osm\/js\/OL\/6.4.3\/ol.js\" type=\"text\/javascript\"><\/script>\n\t\t\t\t<script src=\"https:\/\/nocturnas.org\/wp-content\/plugins\/osm\/js\/osm-v3-plugin-lib.js\" type=\"text\/javascript\"><\/script>\n\t\t\t\t<script src=\"https:\/\/nocturnas.org\/wp-content\/plugins\/osm\/js\/osm-metabox-events.js\" type=\"text\/javascript\"><\/script>\n\t\t\t\t<script src=\"https:\/\/nocturnas.org\/wp-content\/plugins\/osm\/js\/osm-startup-lib.js\" type=\"text\/javascript\"><\/script>\n\t\t\t\t<script type=\"text\/javascript\">\n\t\t\t\t\ttranslations['openlayer'] = \"open layer\";\n\t\t\t\t\ttranslations['openlayerAtStartup'] = \"open layer at startup\";\n\t\t\t\t\ttranslations['generateLink'] = \"link to this map with opened layers\";\n\t\t\t\t\ttranslations['shortDescription'] = \"short description\";\n\t\t\t\t\ttranslations['generatedShortCode'] = \"to get a text control link paste this code in your wordpress editor\";\n\t\t\t\t\ttranslations['closeLayer'] = \"close layer\";\n\t\t\t\t\ttranslations['cantGenerateLink'] = \"put this string in the existing map short code to control this map\";\n\t\t\t\t<\/script>\n\n\t\t\t  <script type=\"text\/javascript\">vectorM['map_ol3js_1'] = [];\n\n\tvar attribution = new ol.control.Attribution({\n        collapsible: false\n      });\n\n\n      \n      var raster = new ol.layer.Tile({\n        source: new ol.source.OSM({ }),\n        zIndex: 90\n      });\n      var Controls = ol.control.defaults({ attribution: false }).extend([\n          attribution\n      ]); \n\t\t\t  map_ol3js_1 = new ol.Map({\n\t\tcontrols: Controls,\n\t\t\n\t\t\t\tinteractions: ol.interaction.defaults({mouseWheelZoom:false}),\n\t\t\t\tlayers: [raster],\n\t\t\t\ttarget: \"map_ol3js_1\",\n\t\t\t\tview: new ol.View({\n\t\t\t\t  center: ol.proj.transform([6.378,58.213], \"EPSG:4326\", \"EPSG:3857\"),\n\t\t\t\t  zoom: 9\n\t\t\t\t})\n\t\t\t  });\n\t\t\t  \n    var style0 = {\n      \"Point\": [new ol.style.Style({\n\n          image: new ol.style.Icon({\n            anchor: [0.5, 41],\n            anchorXUnits: \"fraction\",\n            anchorYUnits: \"pixels\",\n            opacity: 0.75,\n            src: \"https:\/\/nocturnas.org\/wp-content\/plugins\/osm\/icons\/mic_blue_pinother_02.png\"\n          })\n      })],\n\n      \"LineString\": [new ol.style.Style({\n        stroke: new ol.style.Stroke({\n          color: \"blue\",\n          width: 8\n        })\n      })],\n      \"MultiLineString\": [new ol.style.Style({\n        stroke: new ol.style.Stroke({\n          color: \"blue\",\n          width: 4\n        })\n      })]\n    };\n\t\t  var vectorL0 = new ol.layer.Vector({\n\t\t\t\tsource: new ol.source.Vector({\n\t\t\t\turl:\"..\/..\/wp-content\/uploads\/RUTAS\/TRACKS\/JAMON\/2021-10-09-Ruta del Jam\u00f3n 2021.gpx\",\n\t\t\t\tformat: new ol.format.GPX({\n\t\t\t\t\textractStyles: false\n\t\t\t\t})\n\t\t\t}),\n\t\t\tzIndex: 92,\n\t\t\tstyle: function(feature, resolution) {return style0[feature.getGeometry().getType()];}\n\t\t  });\n\t\t  map_ol3js_1.addLayer(vectorL0);\n\t\t  var osm_controls = [\n\t\t\tnew ol.control.Attribution(),\n\t\t\tnew ol.control.MousePosition({\n\t\t\t  undefinedHTML: \"outside\",\n\t\t\t  projection: \"EPSG:4326\",\n\t\t\t  coordinateFormat: function(coordinate) {\n\t\t\t\t return ol.coordinate.format(coordinate, \"{y}, {x}\", 5);\n\t\t\t  }\n\t\t\t}),\n\t\t\tnew ol.control.OverviewMap({\n\t\t\t  collapsed: false\n\t\t\t}),\n\t\t\tnew ol.control.Rotate({\n\t\t\t  autoHide: false\n\t\t\t}),\n\t\t\tnew ol.control.ScaleLine(),\n\t\t\tnew ol.control.Zoom(),\n\t\t\tnew ol.control.ZoomSlider(),\n\t\t\tnew ol.control.ZoomToExtent({\n      extent: [-11243808.051695308, 1.202710291, 9561377.290892059, 6852382.107835932]\n    }),\n\t\t\tnew ol.control.FullScreen()\n\t\t  ]; \n\n      var extension1 = ol.extent.createEmpty();\n      var curZoom1 = map_ol3js_1.getView().getZoom();\n\n      map_ol3js_1.getLayers().forEach(function(layer){\n         if(!layer.values_.id) {     \n            layer.once(\"change\", function(e){\n               ol.extent.extend(extension1, (layer.getSource().getExtent()));\n               map_ol3js_1.getView().fit(extension1, {padding: [50, 50, 50, 50]});\n            });\n         }\n      });\n\n    \nmap_ol3js_1.addControl(osm_controls[8]);\nmap_ol3js_1.addControl(osm_controls[4]);\nmap_ol3js_1.addControl(osm_controls[1]);\nosm_addPopupClickhandler(map_ol3js_1,  \"map_ol3js_1\"); \nosm_addMouseHover(map_ol3js_1); <\/script><\/div>\n\t\t\t\t<\/div>\n\t\t\t\t<\/div>\n\t\t\t\t\t\t<\/div>\n\t\t\t\t\t<\/div>\n\t\t<\/div>\n\t\t\t\t\t\t\t\t<\/div>\n\t\t\t\t\t<\/div>\n\t\t<\/section>\n\t\t\t\t<section class=\"elementor-section elementor-top-section elementor-element elementor-element-6263956a elementor-section-boxed elementor-section-height-default elementor-section-height-default\" data-id=\"6263956a\" data-element_type=\"section\">\n\t\t\t\t\t\t<div class=\"elementor-container elementor-column-gap-default\">\n\t\t\t\t\t\t\t<div class=\"elementor-row\">\n\t\t\t\t\t<div class=\"elementor-column elementor-col-100 elementor-top-column elementor-element elementor-element-520206f8\" data-id=\"520206f8\" data-element_type=\"column\">\n\t\t\t<div class=\"elementor-column-wrap elementor-element-populated\">\n\t\t\t\t\t\t\t<div class=\"elementor-widget-wrap\">\n\t\t\t\t\t\t<section class=\"elementor-section elementor-inner-section elementor-element elementor-element-75857277 elementor-section-boxed elementor-section-height-default elementor-section-height-default\" data-id=\"75857277\" data-element_type=\"section\">\n\t\t\t\t\t\t<div class=\"elementor-container elementor-column-gap-default\">\n\t\t\t\t\t\t\t<div class=\"elementor-row\">\n\t\t\t\t\t<div class=\"elementor-column elementor-col-33 elementor-inner-column elementor-element elementor-element-2dd05a46\" data-id=\"2dd05a46\" data-element_type=\"column\">\n\t\t\t<div class=\"elementor-column-wrap elementor-element-populated\">\n\t\t\t\t\t\t\t<div class=\"elementor-widget-wrap\">\n\t\t\t\t\t\t<div class=\"elementor-element elementor-element-3829b615 elementor-widget elementor-widget-text-editor\" data-id=\"3829b615\" data-element_type=\"widget\" data-widget_type=\"text-editor.default\">\n\t\t\t\t<div class=\"elementor-widget-container\">\n\t\t\t\t\t\t\t\t<div class=\"elementor-text-editor elementor-clearfix\">\n\t\t\t\t<h3><span style=\"color: #000000;\">Ruta del Jam\u00f3n III Edicci\u00f3n<\/span><\/h3>\t\t\t\t\t<\/div>\n\t\t\t\t\t\t<\/div>\n\t\t\t\t<\/div>\n\t\t\t\t\t\t<\/div>\n\t\t\t\t\t<\/div>\n\t\t<\/div>\n\t\t\t\t<div class=\"elementor-column elementor-col-33 elementor-inner-column elementor-element elementor-element-3cf79774\" data-id=\"3cf79774\" data-element_type=\"column\">\n\t\t\t<div class=\"elementor-column-wrap elementor-element-populated\">\n\t\t\t\t\t\t\t<div class=\"elementor-widget-wrap\">\n\t\t\t\t\t\t<div class=\"elementor-element elementor-element-3770781d elementor-widget elementor-widget-button\" data-id=\"3770781d\" data-element_type=\"widget\" data-widget_type=\"button.default\">\n\t\t\t\t<div class=\"elementor-widget-container\">\n\t\t\t\t\t<div class=\"elementor-button-wrapper\">\n\t\t\t<a href=\"https:\/\/www.relive.cc\/view\/vJOK2A1xQwv\" target=\"_blank\" class=\"elementor-button-link elementor-button elementor-size-sm\" role=\"button\">\n\t\t\t\t\t\t<span class=\"elementor-button-content-wrapper\">\n\t\t\t\t\t\t<span class=\"elementor-button-text\">VER VIDEO<\/span>\n\t\t<\/span>\n\t\t\t\t\t<\/a>\n\t\t<\/div>\n\t\t\t\t<\/div>\n\t\t\t\t<\/div>\n\t\t\t\t\t\t<\/div>\n\t\t\t\t\t<\/div>\n\t\t<\/div>\n\t\t\t\t<div class=\"elementor-column elementor-col-33 elementor-inner-column elementor-element elementor-element-b0e3e9b\" data-id=\"b0e3e9b\" data-element_type=\"column\">\n\t\t\t<div class=\"elementor-column-wrap elementor-element-populated\">\n\t\t\t\t\t\t\t<div class=\"elementor-widget-wrap\">\n\t\t\t\t\t\t<div class=\"elementor-element elementor-element-167ffe80 elementor-widget elementor-widget-button\" data-id=\"167ffe80\" data-element_type=\"widget\" data-widget_type=\"button.default\">\n\t\t\t\t<div class=\"elementor-widget-container\">\n\t\t\t\t\t<div class=\"elementor-button-wrapper\">\n\t\t\t<a href=\"https:\/\/nocturnas.org\/wp-content\/uploads\/RUTAS\/TRACKS\/JAMON\/2021-10-09-Ruta%20del%20Jam\u00f3n%202021.zip\" download=\"\" class=\"elementor-button-link elementor-button elementor-size-sm\" role=\"button\">\n\t\t\t\t\t\t<span class=\"elementor-button-content-wrapper\">\n\t\t\t\t\t\t<span class=\"elementor-button-text\">TRACK<\/span>\n\t\t<\/span>\n\t\t\t\t\t<\/a>\n\t\t<\/div>\n\t\t\t\t<\/div>\n\t\t\t\t<\/div>\n\t\t\t\t\t\t<\/div>\n\t\t\t\t\t<\/div>\n\t\t<\/div>\n\t\t\t\t\t\t\t\t<\/div>\n\t\t\t\t\t<\/div>\n\t\t<\/section>\n\t\t\t\t\t\t<\/div>\n\t\t\t\t\t<\/div>\n\t\t<\/div>\n\t\t\t\t\t\t\t\t<\/div>\n\t\t\t\t\t<\/div>\n\t\t<\/section>\n\t\t\t\t\t\t\t\t\t<\/div>\n\t\t\t<\/div>\n\t\t\t\t\t<\/div>\n\t\t","protected":false},"excerpt":{"rendered":"<p>III ruta del jam\u00f3n Debido al Covid, la III Edici\u00f3n de la Ruta del Jam\u00f3n se demor\u00f3 m\u00e1s de lo debido. Las ganas por sacar a pasear el jam\u00f3n eran incontrolables. Lo primero, recoger el jam\u00f3n encargado por Roberto. La dependienta que nos atiende muy amablemente, nos da a probar algunos quesos y chorizo que &hellip;<\/p>\n<p class=\"read-more\"> <a class=\"\" href=\"https:\/\/nocturnas.org\/index.php\/ruta-jamon-3\/\"> <span class=\"screen-reader-text\">Ruta Jamon III<\/span> Leer m\u00e1s &raquo;<\/a><\/p>\n","protected":false},"author":1,"featured_media":0,"parent":0,"menu_order":0,"comment_status":"closed","ping_status":"closed","template":"","meta":{"_monsterinsights_skip_tracking":false,"_monsterinsights_sitenote_active":false,"_monsterinsights_sitenote_note":"","_monsterinsights_sitenote_category":0},"_links":{"self":[{"href":"https:\/\/nocturnas.org\/index.php\/wp-json\/wp\/v2\/pages\/2627"}],"collection":[{"href":"https:\/\/nocturnas.org\/index.php\/wp-json\/wp\/v2\/pages"}],"about":[{"href":"https:\/\/nocturnas.org\/index.php\/wp-json\/wp\/v2\/types\/page"}],"author":[{"embeddable":true,"href":"https:\/\/nocturnas.org\/index.php\/wp-json\/wp\/v2\/users\/1"}],"replies":[{"embeddable":true,"href":"https:\/\/nocturnas.org\/index.php\/wp-json\/wp\/v2\/comments?post=2627"}],"version-history":[{"count":62,"href":"https:\/\/nocturnas.org\/index.php\/wp-json\/wp\/v2\/pages\/2627\/revisions"}],"predecessor-version":[{"id":3507,"href":"https:\/\/nocturnas.org\/index.php\/wp-json\/wp\/v2\/pages\/2627\/revisions\/3507"}],"wp:attachment":[{"href":"https:\/\/nocturnas.org\/index.php\/wp-json\/wp\/v2\/media?parent=2627"}],"curies":[{"name":"wp","href":"https:\/\/api.w.org\/{rel}","templated":true}]}}