{"id":1373,"date":"2020-12-01T20:14:30","date_gmt":"2020-12-01T20:14:30","guid":{"rendered":"http:\/\/nocturnas.org\/?page_id=1373"},"modified":"2020-12-02T19:28:28","modified_gmt":"2020-12-02T19:28:28","slug":"covid","status":"publish","type":"page","link":"https:\/\/nocturnas.org\/index.php\/covid\/","title":{"rendered":"COVID"},"content":{"rendered":"\t\t<div data-elementor-type=\"wp-page\" data-elementor-id=\"1373\" class=\"elementor elementor-1373\">\n\t\t\t\t\t\t<div class=\"elementor-inner\">\n\t\t\t\t<div class=\"elementor-section-wrap\">\n\t\t\t\t\t\t\t\t\t<section class=\"elementor-section elementor-top-section elementor-element elementor-element-5594c60 elementor-section-boxed elementor-section-height-default elementor-section-height-default\" data-id=\"5594c60\" data-element_type=\"section\">\n\t\t\t\t\t\t<div class=\"elementor-container elementor-column-gap-default\">\n\t\t\t\t\t\t\t<div class=\"elementor-row\">\n\t\t\t\t\t<div class=\"elementor-column elementor-col-100 elementor-top-column elementor-element elementor-element-006303b\" data-id=\"006303b\" data-element_type=\"column\">\n\t\t\t<div class=\"elementor-column-wrap elementor-element-populated\">\n\t\t\t\t\t\t\t<div class=\"elementor-widget-wrap\">\n\t\t\t\t\t\t<div class=\"elementor-element elementor-element-7ac9ec9 elementor-widget elementor-widget-heading\" data-id=\"7ac9ec9\" data-element_type=\"widget\" data-widget_type=\"heading.default\">\n\t\t\t\t<div class=\"elementor-widget-container\">\n\t\t\t<h2 class=\"elementor-heading-title elementor-size-default\">TU MEDIDOR DE CO2 PARA la COVID<\/h2>\t\t<\/div>\n\t\t\t\t<\/div>\n\t\t\t\t<div class=\"elementor-element elementor-element-a322bfe elementor-widget elementor-widget-image\" data-id=\"a322bfe\" data-element_type=\"widget\" data-widget_type=\"image.default\">\n\t\t\t\t<div class=\"elementor-widget-container\">\n\t\t\t\t\t\t\t\t<div class=\"elementor-image\">\n\t\t\t\t\t\t\t\t\t\t\t\t<img width=\"1024\" height=\"546\" src=\"https:\/\/nocturnas.org\/wp-content\/uploads\/2020\/12\/virus-covid-science-4937553-1024x546.jpg\" class=\"attachment-large size-large\" alt=\"virus, covid, science\" loading=\"lazy\" srcset=\"https:\/\/nocturnas.org\/wp-content\/uploads\/2020\/12\/virus-covid-science-4937553-1024x546.jpg 1024w, https:\/\/nocturnas.org\/wp-content\/uploads\/2020\/12\/virus-covid-science-4937553-300x160.jpg 300w, https:\/\/nocturnas.org\/wp-content\/uploads\/2020\/12\/virus-covid-science-4937553-768x410.jpg 768w, https:\/\/nocturnas.org\/wp-content\/uploads\/2020\/12\/virus-covid-science-4937553.jpg 1280w\" sizes=\"(max-width: 1024px) 100vw, 1024px\" \/>\t\t\t\t\t\t\t\t\t\t\t\t\t\t<\/div>\n\t\t\t\t\t\t<\/div>\n\t\t\t\t<\/div>\n\t\t\t\t\t\t<\/div>\n\t\t\t\t\t<\/div>\n\t\t<\/div>\n\t\t\t\t\t\t\t\t<\/div>\n\t\t\t\t\t<\/div>\n\t\t<\/section>\n\t\t\t\t<section class=\"elementor-section elementor-top-section elementor-element elementor-element-bbdf632 elementor-section-boxed elementor-section-height-default elementor-section-height-default\" data-id=\"bbdf632\" data-element_type=\"section\">\n\t\t\t\t\t\t<div class=\"elementor-container elementor-column-gap-default\">\n\t\t\t\t\t\t\t<div class=\"elementor-row\">\n\t\t\t\t\t<div class=\"elementor-column elementor-col-50 elementor-top-column elementor-element elementor-element-b44fc2e\" data-id=\"b44fc2e\" data-element_type=\"column\">\n\t\t\t<div class=\"elementor-column-wrap elementor-element-populated\">\n\t\t\t\t\t\t\t<div class=\"elementor-widget-wrap\">\n\t\t\t\t\t\t<div class=\"elementor-element elementor-element-1419e95 elementor-widget elementor-widget-text-editor\" data-id=\"1419e95\" data-element_type=\"widget\" data-widget_type=\"text-editor.default\">\n\t\t\t\t<div class=\"elementor-widget-container\">\n\t\t\t\t\t\t\t\t<div class=\"elementor-text-editor elementor-clearfix\">\n\t\t\t\tSi has llegado a esta p\u00e1gina seguramente sea porque ya est\u00e1s informado de que la principal fuente de contagio del SARS-CoV-2 (COVID) es por aerosoles.\n\nNo voy a entrar en detalles, pues hay art\u00edculos especializados sobre el tema. Sirvan los siguientes como ejemplo:\n<p>\n<ul>\n  <li><a href=\"https:\/\/science.sciencemag.org\/content\/370\/6514\/303.2\">Carta de grupo de cient\u00edficos publicada en Science (Ingl\u00e9s)<\/a><\/li>\n  <li><a href=\"https:\/\/www.ciencia.gob.es\/stfls\/MICINN\/Prensa\/FICHEROS\/Informe_aerosoles_COVID_MCienciaInnov.pdf\">Informe cient\u00edfico sobre v\u00edas de transmisi\u00f3n SARS-CoV-2 (pdf)<\/a><\/li>\n<\/ul>\nTambi\u00e9n hay buenos art\u00edculos en\u00a0 la prensa generalistas :\n<ul>\n \t<li><a href=\"https:\/\/elpais.com\/ciencia\/2020-10-24\/un-salon-un-bar-y-una-clase-asi-contagia-el-coronavirus-en-el-aire.html\">As\u00ed contagia el Coronavirus en el aire. Gr\u00e1fico muy ilustrativo (El Pa\u00eds)<\/a><\/li>\n \t<li><a href=\"https:\/\/www.lavanguardia.com\/local\/aragon\/20201104\/49238996840\/un-investigador-afirma-que-la-inhalacion-es-la-via-mas-importante-de-transmision-del-sars-cov-2.html\">La inhalaci\u00f3n es la v\u00eda m\u00e1s importante de transmisi\u00f3n del SARS-CoV-2 (La Vanguardia)<\/a><\/li>\n<\/ul>\t\t\t\t\t<\/div>\n\t\t\t\t\t\t<\/div>\n\t\t\t\t<\/div>\n\t\t\t\t\t\t<\/div>\n\t\t\t\t\t<\/div>\n\t\t<\/div>\n\t\t\t\t<div class=\"elementor-column elementor-col-50 elementor-top-column elementor-element elementor-element-f0b64d1\" data-id=\"f0b64d1\" data-element_type=\"column\">\n\t\t\t<div class=\"elementor-column-wrap elementor-element-populated\">\n\t\t\t\t\t\t\t<div class=\"elementor-widget-wrap\">\n\t\t\t\t\t\t<div class=\"elementor-element elementor-element-c2f498a elementor-widget elementor-widget-text-editor\" data-id=\"c2f498a\" data-element_type=\"widget\" data-widget_type=\"text-editor.default\">\n\t\t\t\t<div class=\"elementor-widget-container\">\n\t\t\t\t\t\t\t\t<div class=\"elementor-text-editor elementor-clearfix\">\n\t\t\t\t<p><span class=\"TextRun SCXW199145851 BCX0\" lang=\"ES-ES\" xml:lang=\"ES-ES\" data-contrast=\"auto\"><span class=\"NormalTextRun SCXW199145851 BCX0\">Pero basta con ver el video del espa\u00f1ol Jos\u00e9 Luis Colorado, profesor en la Universidad de Colorado, especialista en el tema y asesor en EEUU, para hacer una idea.<\/span><\/span><span class=\"EOP SCXW199145851 BCX0\" data-ccp-props=\"{&quot;201341983&quot;:0,&quot;335551550&quot;:1,&quot;335551620&quot;:1,&quot;335559739&quot;:160,&quot;335559740&quot;:259}\">\u00a0<\/span><\/p>\t\t\t\t\t<\/div>\n\t\t\t\t\t\t<\/div>\n\t\t\t\t<\/div>\n\t\t\t\t<div class=\"elementor-element elementor-element-7b24109 elementor-aspect-ratio-169 elementor-widget elementor-widget-video\" data-id=\"7b24109\" data-element_type=\"widget\" data-settings=\"{&quot;youtube_url&quot;:&quot;https:\\\/\\\/www.youtube.com\\\/watch?v=uI8ODCxrNMU&quot;,&quot;video_type&quot;:&quot;youtube&quot;,&quot;controls&quot;:&quot;yes&quot;,&quot;aspect_ratio&quot;:&quot;169&quot;}\" data-widget_type=\"video.default\">\n\t\t\t\t<div class=\"elementor-widget-container\">\n\t\t\t\t\t<div class=\"elementor-wrapper elementor-fit-aspect-ratio elementor-open-inline\">\n\t\t\t<div class=\"elementor-video\"><\/div>\t\t<\/div>\n\t\t\t\t<\/div>\n\t\t\t\t<\/div>\n\t\t\t\t\t\t<\/div>\n\t\t\t\t\t<\/div>\n\t\t<\/div>\n\t\t\t\t\t\t\t\t<\/div>\n\t\t\t\t\t<\/div>\n\t\t<\/section>\n\t\t\t\t<section class=\"elementor-section elementor-top-section elementor-element elementor-element-47c9f25 elementor-section-boxed elementor-section-height-default elementor-section-height-default\" data-id=\"47c9f25\" data-element_type=\"section\">\n\t\t\t\t\t\t<div class=\"elementor-container elementor-column-gap-default\">\n\t\t\t\t\t\t\t<div class=\"elementor-row\">\n\t\t\t\t\t<div class=\"elementor-column elementor-col-100 elementor-top-column elementor-element elementor-element-d3d4e8d\" data-id=\"d3d4e8d\" data-element_type=\"column\">\n\t\t\t<div class=\"elementor-column-wrap elementor-element-populated\">\n\t\t\t\t\t\t\t<div class=\"elementor-widget-wrap\">\n\t\t\t\t\t\t<div class=\"elementor-element elementor-element-d55cbf0 elementor-widget elementor-widget-text-editor\" data-id=\"d55cbf0\" data-element_type=\"widget\" data-widget_type=\"text-editor.default\">\n\t\t\t\t<div class=\"elementor-widget-container\">\n\t\t\t\t\t\t\t\t<div class=\"elementor-text-editor elementor-clearfix\">\n\t\t\t\t<p>Est\u00e1 claro que controlar el CO2 en una sala es una buena medida para evitar el contagio. Dejando claro que un Medidor de CO2 no excluye el resto de medidas de prevenci\u00f3n. Reunirse 20 personas en la cena de Navidad y poner un medidor de CO2 para controlar el contagio ser\u00eda una autentica ruleta rusa. Hablar de cerca sin mascarilla, aunque est\u00e9s al aire libre, es una forma directa de contagio.<\/p><p>Principalmente por la Covid, y secundariamente por\u00a0otros aspecto\u00a0como el efecto que tiene en la concentraci\u00f3n mental en colegios, etc. los medidores de di\u00f3xido de carbono est\u00e1n de moda.<\/p><p>Ya sea por prevenci\u00f3n o por simple curiosidad, posiblemente est\u00e9s pensando en comprar un medidor de CO2 para conocer la concentraci\u00f3n de CO2 en los lugares que\u00a0 compartes con otras personas: trabajo, casa, apartamento, universidad, colegio, coche, etc.<\/p><p>A continuaci\u00f3n, indicamos algunos\u00a0econ\u00f3micos.\u00a0 Por supuesto, existen otros de mayor calidad, evidentemente a precios m\u00e1s elevados, que aportan informaci\u00f3n adicional como la calidad del aire. Quiz\u00e1s, si vives en una gran ciudad con picos\u00a0 de contaminaci\u00f3n te pueda merecer la pena.<\/p>\t\t\t\t\t<\/div>\n\t\t\t\t\t\t<\/div>\n\t\t\t\t<\/div>\n\t\t\t\t\t\t<\/div>\n\t\t\t\t\t<\/div>\n\t\t<\/div>\n\t\t\t\t\t\t\t\t<\/div>\n\t\t\t\t\t<\/div>\n\t\t<\/section>\n\t\t\t\t<section class=\"elementor-section elementor-top-section elementor-element elementor-element-2f2d447 elementor-section-boxed elementor-section-height-default elementor-section-height-default\" data-id=\"2f2d447\" data-element_type=\"section\">\n\t\t\t\t\t\t<div class=\"elementor-container elementor-column-gap-default\">\n\t\t\t\t\t\t\t<div class=\"elementor-row\">\n\t\t\t\t\t<div class=\"elementor-column elementor-col-50 elementor-top-column elementor-element elementor-element-8231cb2\" data-id=\"8231cb2\" data-element_type=\"column\">\n\t\t\t<div class=\"elementor-column-wrap elementor-element-populated\">\n\t\t\t\t\t\t\t<div class=\"elementor-widget-wrap\">\n\t\t\t\t\t\t<div class=\"elementor-element elementor-element-cb84265 elementor-widget elementor-widget-html\" data-id=\"cb84265\" data-element_type=\"widget\" data-widget_type=\"html.default\">\n\t\t\t\t<div class=\"elementor-widget-container\">\n\t\t\t<table>\n<tr><td>\n<iframe style=\"width:120px;height:240px;\" marginwidth=\"0\" marginheight=\"0\" scrolling=\"no\" frameborder=\"0\" src=\"\/\/rcm-eu.amazon-adsystem.com\/e\/cm?lt1=_blank&bc1=000000&IS2=1&bg1=FFFFFF&fc1=000000&lc1=0000FF&t=zonama07-21&language=es_ES&o=30&p=8&l=as4&m=amazon&f=ifr&ref=as_ss_li_til&asins=B08K8S1Y54&linkId=88ebe5b1e5e759bc531d3b74242c5ec9\"><\/iframe>\n<\/td>\n<td>\n    <iframe style=\"width:120px;height:240px;\" marginwidth=\"0\" marginheight=\"0\" scrolling=\"no\" frameborder=\"0\" src=\"\/\/rcm-eu.amazon-adsystem.com\/e\/cm?lt1=_blank&bc1=000000&IS2=1&bg1=FFFFFF&fc1=000000&lc1=0000FF&t=zonama07-21&language=es_ES&o=30&p=8&l=as4&m=amazon&f=ifr&ref=as_ss_li_til&asins=B087PD9DH9&linkId=a835fd3836153cf49c748202fb511efc\"><\/iframe>\n\n<\/td>\n<td>\n    <iframe style=\"width:120px;height:240px;\" marginwidth=\"0\" marginheight=\"0\" scrolling=\"no\" frameborder=\"0\" src=\"\/\/rcm-eu.amazon-adsystem.com\/e\/cm?lt1=_blank&bc1=000000&IS2=1&bg1=FFFFFF&fc1=000000&lc1=0000FF&t=zonama07-21&language=es_ES&o=30&p=8&l=as4&m=amazon&f=ifr&ref=as_ss_li_til&asins=B08FRF4XV4&linkId=6ac86c83cd6c69cc40092977db36dac8\"><\/iframe>\n\n<\/td>\n<tr>\n<\/table>\n\t\t<\/div>\n\t\t\t\t<\/div>\n\t\t\t\t\t\t<\/div>\n\t\t\t\t\t<\/div>\n\t\t<\/div>\n\t\t\t\t<div class=\"elementor-column elementor-col-50 elementor-top-column elementor-element elementor-element-bb55022\" data-id=\"bb55022\" data-element_type=\"column\">\n\t\t\t<div class=\"elementor-column-wrap elementor-element-populated\">\n\t\t\t\t\t\t\t<div class=\"elementor-widget-wrap\">\n\t\t\t\t\t\t<div class=\"elementor-element elementor-element-a62c45c elementor-widget elementor-widget-html\" data-id=\"a62c45c\" data-element_type=\"widget\" data-widget_type=\"html.default\">\n\t\t\t\t<div class=\"elementor-widget-container\">\n\t\t\t<table>\r\n<tr><td>\r\n<iframe style=\"width:120px;height:240px;\" marginwidth=\"0\" marginheight=\"0\" scrolling=\"no\" frameborder=\"0\" src=\"\/\/rcm-eu.amazon-adsystem.com\/e\/cm?lt1=_blank&bc1=000000&IS2=1&bg1=FFFFFF&fc1=000000&lc1=0000FF&t=zonama07-21&language=es_ES&o=30&p=8&l=as4&m=amazon&f=ifr&ref=as_ss_li_til&asins=B08HHB88RB&linkId=08112624e6c48e8bf7077514582647b3\"><\/iframe>\r\n<\/td><td>\r\n<iframe style=\"width:120px;height:240px;\" marginwidth=\"0\" marginheight=\"0\" scrolling=\"no\" frameborder=\"0\" src=\"\/\/rcm-eu.amazon-adsystem.com\/e\/cm?lt1=_blank&bc1=000000&IS2=1&bg1=FFFFFF&fc1=000000&lc1=0000FF&t=zonama07-21&language=es_ES&o=30&p=8&l=as4&m=amazon&f=ifr&ref=as_ss_li_til&asins=B08JYYPZBG&linkId=2a6f879c300a81684622ae7317d648e5\"><\/iframe>\r\n<\/td><td>\r\n\r\n<iframe style=\"width:120px;height:240px;\" marginwidth=\"0\" marginheight=\"0\" scrolling=\"no\" frameborder=\"0\" src=\"\/\/rcm-eu.amazon-adsystem.com\/e\/cm?lt1=_blank&bc1=000000&IS2=1&bg1=FFFFFF&fc1=000000&lc1=0000FF&t=zonama07-21&language=es_ES&o=30&p=8&l=as4&m=amazon&f=ifr&ref=as_ss_li_til&asins=B081JRV6V4&linkId=96fc1112c49ffaa03f8f550b1ea15db8\"><\/iframe>\r\n<\/td>\r\n<\/tr>\r\n<\/table>\r\n\t\t<\/div>\n\t\t\t\t<\/div>\n\t\t\t\t\t\t<\/div>\n\t\t\t\t\t<\/div>\n\t\t<\/div>\n\t\t\t\t\t\t\t\t<\/div>\n\t\t\t\t\t<\/div>\n\t\t<\/section>\n\t\t\t\t<section class=\"elementor-section elementor-top-section elementor-element elementor-element-0c03a7e elementor-section-boxed elementor-section-height-default elementor-section-height-default\" data-id=\"0c03a7e\" data-element_type=\"section\">\n\t\t\t\t\t\t<div class=\"elementor-container elementor-column-gap-default\">\n\t\t\t\t\t\t\t<div class=\"elementor-row\">\n\t\t\t\t\t<div class=\"elementor-column elementor-col-100 elementor-top-column elementor-element elementor-element-94fc418\" data-id=\"94fc418\" data-element_type=\"column\">\n\t\t\t<div class=\"elementor-column-wrap elementor-element-populated\">\n\t\t\t\t\t\t\t<div class=\"elementor-widget-wrap\">\n\t\t\t\t\t\t<div class=\"elementor-element elementor-element-596ee58 elementor-widget elementor-widget-image\" data-id=\"596ee58\" data-element_type=\"widget\" data-widget_type=\"image.default\">\n\t\t\t\t<div class=\"elementor-widget-container\">\n\t\t\t\t\t\t\t\t<div class=\"elementor-image\">\n\t\t\t\t\t\t\t\t\t\t\t\t<img width=\"810\" height=\"400\" src=\"https:\/\/nocturnas.org\/wp-content\/uploads\/FOTOS\/PRODUCTOS\/IMG-20201202-WA0002.jpg\" class=\"attachment-large size-large\" alt=\"\" loading=\"lazy\" srcset=\"https:\/\/nocturnas.org\/wp-content\/uploads\/FOTOS\/PRODUCTOS\/IMG-20201202-WA0002.jpg 810w, https:\/\/nocturnas.org\/wp-content\/uploads\/FOTOS\/PRODUCTOS\/IMG-20201202-WA0002-300x148.jpg 300w, https:\/\/nocturnas.org\/wp-content\/uploads\/FOTOS\/PRODUCTOS\/IMG-20201202-WA0002-768x379.jpg 768w\" sizes=\"(max-width: 810px) 100vw, 810px\" \/>\t\t\t\t\t\t\t\t\t\t\t\t\t\t<\/div>\n\t\t\t\t\t\t<\/div>\n\t\t\t\t<\/div>\n\t\t\t\t\t\t<\/div>\n\t\t\t\t\t<\/div>\n\t\t<\/div>\n\t\t\t\t\t\t\t\t<\/div>\n\t\t\t\t\t<\/div>\n\t\t<\/section>\n\t\t\t\t<section class=\"elementor-section elementor-top-section elementor-element elementor-element-7473e90 elementor-section-boxed elementor-section-height-default elementor-section-height-default\" data-id=\"7473e90\" data-element_type=\"section\">\n\t\t\t\t\t\t<div class=\"elementor-container elementor-column-gap-default\">\n\t\t\t\t\t\t\t<div class=\"elementor-row\">\n\t\t\t\t\t<div class=\"elementor-column elementor-col-33 elementor-top-column elementor-element elementor-element-dfe2eba\" data-id=\"dfe2eba\" data-element_type=\"column\">\n\t\t\t<div class=\"elementor-column-wrap elementor-element-populated\">\n\t\t\t\t\t\t\t<div class=\"elementor-widget-wrap\">\n\t\t\t\t\t\t<div class=\"elementor-element elementor-element-f765744 elementor-widget elementor-widget-html\" data-id=\"f765744\" data-element_type=\"widget\" data-widget_type=\"html.default\">\n\t\t\t\t<div class=\"elementor-widget-container\">\n\t\t\t<a href=\"https:\/\/s.click.aliexpress.com\/e\/_9fnl1M\" target=\"_blank\"><img src=\"https:\/\/ae01.alicdn.com\/kf\/Hc2a5dd46bea14dcd8d5b9f4ee941cd265.jpg_350x350.jpg\" \/>\r\n<span style=\"display:block;\">\r\nMonitor de calidad del aire para interiores medidor de calidad del aire Lcd Digital co2, Sensor de calidad de aire inteligente TFT en tiempo Real, Detector de co2\r\n<\/span>\r\n<\/a>\t\t<\/div>\n\t\t\t\t<\/div>\n\t\t\t\t<div class=\"elementor-element elementor-element-914f69b elementor-widget elementor-widget-text-editor\" data-id=\"914f69b\" data-element_type=\"widget\" data-widget_type=\"text-editor.default\">\n\t\t\t\t<div class=\"elementor-widget-container\">\n\t\t\t\t\t\t\t\t<div class=\"elementor-text-editor elementor-clearfix\">\n\t\t\t\t<p style=\"text-align: center;\">35 \u20ac aprox.<\/p>\t\t\t\t\t<\/div>\n\t\t\t\t\t\t<\/div>\n\t\t\t\t<\/div>\n\t\t\t\t\t\t<\/div>\n\t\t\t\t\t<\/div>\n\t\t<\/div>\n\t\t\t\t<div class=\"elementor-column elementor-col-33 elementor-top-column elementor-element elementor-element-c38978d\" data-id=\"c38978d\" data-element_type=\"column\">\n\t\t\t<div class=\"elementor-column-wrap elementor-element-populated\">\n\t\t\t\t\t\t\t<div class=\"elementor-widget-wrap\">\n\t\t\t\t\t\t<div class=\"elementor-element elementor-element-22b0698 elementor-widget elementor-widget-html\" data-id=\"22b0698\" data-element_type=\"widget\" data-widget_type=\"html.default\">\n\t\t\t\t<div class=\"elementor-widget-container\">\n\t\t\t<a href=\"https:\/\/s.click.aliexpress.com\/e\/_A9aZZc\" target=\"_blank\"><img src=\"https:\/\/ae01.alicdn.com\/kf\/H87baae070b09484f89ffd1ce7337da4e2.jpg_350x350.jpg\" \/>\r\n<span style=\"display:block;\">\r\nSensor Digital CO2 Ppm, medidor de calidad del aire, Mini Detector port\u00e1til de di\u00f3xido de carbono, medidor de Sensor Digital de CO2 fiablR\r\n<\/span>\r\n<\/a>\t\t<\/div>\n\t\t\t\t<\/div>\n\t\t\t\t<div class=\"elementor-element elementor-element-69143a2 elementor-widget elementor-widget-text-editor\" data-id=\"69143a2\" data-element_type=\"widget\" data-widget_type=\"text-editor.default\">\n\t\t\t\t<div class=\"elementor-widget-container\">\n\t\t\t\t\t\t\t\t<div class=\"elementor-text-editor elementor-clearfix\">\n\t\t\t\t<p style=\"text-align: center;\">22-40\u20ac aprox.\u00a0<span style=\"font-size: 16px;\">(varios modelos)<\/span><\/p>\t\t\t\t\t<\/div>\n\t\t\t\t\t\t<\/div>\n\t\t\t\t<\/div>\n\t\t\t\t\t\t<\/div>\n\t\t\t\t\t<\/div>\n\t\t<\/div>\n\t\t\t\t<div class=\"elementor-column elementor-col-33 elementor-top-column elementor-element elementor-element-15db741\" data-id=\"15db741\" data-element_type=\"column\">\n\t\t\t<div class=\"elementor-column-wrap elementor-element-populated\">\n\t\t\t\t\t\t\t<div class=\"elementor-widget-wrap\">\n\t\t\t\t\t\t<div class=\"elementor-element elementor-element-5e11b91 elementor-widget elementor-widget-html\" data-id=\"5e11b91\" data-element_type=\"widget\" data-widget_type=\"html.default\">\n\t\t\t\t<div class=\"elementor-widget-container\">\n\t\t\t<a href=\"https:\/\/s.click.aliexpress.com\/e\/_9zci8q\" target=\"_blank\"><img src=\"https:\/\/ae01.alicdn.com\/kf\/Hc7a4829e0f374e73a46429767560cf8bh.jpg_350x350.jpg\" \/>\r\n<span style=\"display:block;\">\r\nDetector de di\u00f3xido de carbono medidor de CO2 Detector de Gas temperatura y humedad relativa montado en la pared Monitor de calidad del aire Sensor NDIR\r\n<\/span>\r\n<\/a>\t\t<\/div>\n\t\t\t\t<\/div>\n\t\t\t\t<div class=\"elementor-element elementor-element-0401d04 elementor-widget elementor-widget-text-editor\" data-id=\"0401d04\" data-element_type=\"widget\" data-widget_type=\"text-editor.default\">\n\t\t\t\t<div class=\"elementor-widget-container\">\n\t\t\t\t\t\t\t\t<div class=\"elementor-text-editor elementor-clearfix\">\n\t\t\t\t<p style=\"text-align: center;\">70 \u20ac aprox.<\/p>\t\t\t\t\t<\/div>\n\t\t\t\t\t\t<\/div>\n\t\t\t\t<\/div>\n\t\t\t\t\t\t<\/div>\n\t\t\t\t\t<\/div>\n\t\t<\/div>\n\t\t\t\t\t\t\t\t<\/div>\n\t\t\t\t\t<\/div>\n\t\t<\/section>\n\t\t\t\t<section class=\"elementor-section elementor-top-section elementor-element elementor-element-4c0ce39 elementor-section-boxed elementor-section-height-default elementor-section-height-default\" data-id=\"4c0ce39\" data-element_type=\"section\">\n\t\t\t\t\t\t<div class=\"elementor-container elementor-column-gap-default\">\n\t\t\t\t\t\t\t<div class=\"elementor-row\">\n\t\t\t\t\t<div class=\"elementor-column elementor-col-33 elementor-top-column elementor-element elementor-element-7de1a5d\" data-id=\"7de1a5d\" data-element_type=\"column\">\n\t\t\t<div class=\"elementor-column-wrap elementor-element-populated\">\n\t\t\t\t\t\t\t<div class=\"elementor-widget-wrap\">\n\t\t\t\t\t\t<div class=\"elementor-element elementor-element-09a5147 elementor-widget elementor-widget-html\" data-id=\"09a5147\" data-element_type=\"widget\" data-widget_type=\"html.default\">\n\t\t\t\t<div class=\"elementor-widget-container\">\n\t\t\t<a href=\"https:\/\/s.click.aliexpress.com\/e\/_9GCUcO\" target=\"_blank\"><img src=\"https:\/\/ae01.alicdn.com\/kf\/Hd29195caee3241d6bcaca710fda8b3faN.jpg_350x350.jpg\" \/>\r\n<span style=\"display:block;\">\r\nMonitor de calidad del aire para interior y exterior, CO\/HCHO\/TVOC, medidor de CO2, analizador de Gas\r\n<\/span>\r\n<\/a>\t\t<\/div>\n\t\t\t\t<\/div>\n\t\t\t\t<div class=\"elementor-element elementor-element-8672ecf elementor-widget elementor-widget-text-editor\" data-id=\"8672ecf\" data-element_type=\"widget\" data-widget_type=\"text-editor.default\">\n\t\t\t\t<div class=\"elementor-widget-container\">\n\t\t\t\t\t\t\t\t<div class=\"elementor-text-editor elementor-clearfix\">\n\t\t\t\t<p style=\"text-align: center;\">26 \u20ac aprox.<\/p>\t\t\t\t\t<\/div>\n\t\t\t\t\t\t<\/div>\n\t\t\t\t<\/div>\n\t\t\t\t\t\t<\/div>\n\t\t\t\t\t<\/div>\n\t\t<\/div>\n\t\t\t\t<div class=\"elementor-column elementor-col-33 elementor-top-column elementor-element elementor-element-7c96341\" data-id=\"7c96341\" data-element_type=\"column\">\n\t\t\t<div class=\"elementor-column-wrap elementor-element-populated\">\n\t\t\t\t\t\t\t<div class=\"elementor-widget-wrap\">\n\t\t\t\t\t\t<div class=\"elementor-element elementor-element-110750c elementor-widget elementor-widget-html\" data-id=\"110750c\" data-element_type=\"widget\" data-widget_type=\"html.default\">\n\t\t\t\t<div class=\"elementor-widget-container\">\n\t\t\t<a href=\"https:\/\/s.click.aliexpress.com\/e\/_AktHRu\" target=\"_blank\"><img src=\"https:\/\/ae01.alicdn.com\/kf\/H0f0fb17265604a27800ed2019ddda5e5G.jpg_350x350.jpg\" \/>\r\n<span style=\"display:block;\">\r\nSensor Digital CO2 de calidad del aire, medidor de Ppm de Gas, Mini Detector port\u00e1til de di\u00f3xido de carbono, medidor de Sensor de CO2 Digital fiable\r\n<\/span>\r\n<\/a>\t\t<\/div>\n\t\t\t\t<\/div>\n\t\t\t\t<div class=\"elementor-element elementor-element-3479101 elementor-widget elementor-widget-text-editor\" data-id=\"3479101\" data-element_type=\"widget\" data-widget_type=\"text-editor.default\">\n\t\t\t\t<div class=\"elementor-widget-container\">\n\t\t\t\t\t\t\t\t<div class=\"elementor-text-editor elementor-clearfix\">\n\t\t\t\t<p style=\"text-align: center;\">24 \u20ac aprox.<\/p>\t\t\t\t\t<\/div>\n\t\t\t\t\t\t<\/div>\n\t\t\t\t<\/div>\n\t\t\t\t\t\t<\/div>\n\t\t\t\t\t<\/div>\n\t\t<\/div>\n\t\t\t\t<div class=\"elementor-column elementor-col-33 elementor-top-column elementor-element elementor-element-12c8c8f\" data-id=\"12c8c8f\" data-element_type=\"column\">\n\t\t\t<div class=\"elementor-column-wrap elementor-element-populated\">\n\t\t\t\t\t\t\t<div class=\"elementor-widget-wrap\">\n\t\t\t\t\t\t<div class=\"elementor-element elementor-element-b068e56 elementor-widget elementor-widget-html\" data-id=\"b068e56\" data-element_type=\"widget\" data-widget_type=\"html.default\">\n\t\t\t\t<div class=\"elementor-widget-container\">\n\t\t\t<a href=\"https:\/\/s.click.aliexpress.com\/e\/_9igk1Y\" target=\"_blank\"><img src=\"https:\/\/ae01.alicdn.com\/kf\/H54ccabd58adb4f869243b61ff84a92e51.jpg_350x350.jpg\" \/>\r\n<span style=\"display:block;\">\r\nDetector de CO2 de di\u00f3xido de carbono, Monitor de calidad del aire, Detector de formaldeh\u00eddo de TVOC, m\u00e1quina de prueba de formaldeh\u00eddo para interiores.\r\n<\/span>\r\n<\/a>\t\t<\/div>\n\t\t\t\t<\/div>\n\t\t\t\t<div class=\"elementor-element elementor-element-c5a5237 elementor-widget elementor-widget-text-editor\" data-id=\"c5a5237\" data-element_type=\"widget\" data-widget_type=\"text-editor.default\">\n\t\t\t\t<div class=\"elementor-widget-container\">\n\t\t\t\t\t\t\t\t<div class=\"elementor-text-editor elementor-clearfix\">\n\t\t\t\t<p style=\"text-align: center;\">8 \u20ac aprox.<\/p>\t\t\t\t\t<\/div>\n\t\t\t\t\t\t<\/div>\n\t\t\t\t<\/div>\n\t\t\t\t\t\t<\/div>\n\t\t\t\t\t<\/div>\n\t\t<\/div>\n\t\t\t\t\t\t\t\t<\/div>\n\t\t\t\t\t<\/div>\n\t\t<\/section>\n\t\t\t\t\t\t\t\t\t<\/div>\n\t\t\t<\/div>\n\t\t\t\t\t<\/div>\n\t\t","protected":false},"excerpt":{"rendered":"<p>TU MEDIDOR DE CO2 PARA la COVID Si has llegado a esta p\u00e1gina seguramente sea porque ya est\u00e1s informado de que la principal fuente de contagio del SARS-CoV-2 (COVID) es por aerosoles. No voy a entrar en detalles, pues hay art\u00edculos especializados sobre el tema. Sirvan los siguientes como ejemplo: Carta de grupo de cient\u00edficos &hellip;<\/p>\n<p class=\"read-more\"> <a class=\"\" href=\"https:\/\/nocturnas.org\/index.php\/covid\/\"> <span class=\"screen-reader-text\">COVID<\/span> Leer m\u00e1s &raquo;<\/a><\/p>\n","protected":false},"author":1,"featured_media":0,"parent":0,"menu_order":0,"comment_status":"closed","ping_status":"closed","template":"","meta":{"_monsterinsights_skip_tracking":false,"_monsterinsights_sitenote_active":false,"_monsterinsights_sitenote_note":"","_monsterinsights_sitenote_category":0},"_links":{"self":[{"href":"https:\/\/nocturnas.org\/index.php\/wp-json\/wp\/v2\/pages\/1373"}],"collection":[{"href":"https:\/\/nocturnas.org\/index.php\/wp-json\/wp\/v2\/pages"}],"about":[{"href":"https:\/\/nocturnas.org\/index.php\/wp-json\/wp\/v2\/types\/page"}],"author":[{"embeddable":true,"href":"https:\/\/nocturnas.org\/index.php\/wp-json\/wp\/v2\/users\/1"}],"replies":[{"embeddable":true,"href":"https:\/\/nocturnas.org\/index.php\/wp-json\/wp\/v2\/comments?post=1373"}],"version-history":[{"count":28,"href":"https:\/\/nocturnas.org\/index.php\/wp-json\/wp\/v2\/pages\/1373\/revisions"}],"predecessor-version":[{"id":1418,"href":"https:\/\/nocturnas.org\/index.php\/wp-json\/wp\/v2\/pages\/1373\/revisions\/1418"}],"wp:attachment":[{"href":"https:\/\/nocturnas.org\/index.php\/wp-json\/wp\/v2\/media?parent=1373"}],"curies":[{"name":"wp","href":"https:\/\/api.w.org\/{rel}","templated":true}]}}