{"id":1199,"date":"2020-11-09T18:42:44","date_gmt":"2020-11-09T18:42:44","guid":{"rendered":"http:\/\/nocturnas.org\/?page_id=1199"},"modified":"2021-11-15T19:59:37","modified_gmt":"2021-11-15T19:59:37","slug":"aliexpress-varios","status":"publish","type":"page","link":"https:\/\/nocturnas.org\/index.php\/aliexpress-varios\/","title":{"rendered":"Aliexpress Varios"},"content":{"rendered":"\n<div class=\"wp-block-columns\">\n<div class=\"wp-block-column\">\n<a href=\"https:\/\/s.click.aliexpress.com\/e\/_AtAzCV\" target=\"_parent\" rel=\"noopener noreferrer\"><img src=\"https:\/\/ae01.alicdn.com\/kf\/UTB8asgrDxHEXKJk43Jeq6yeeXXaG\/0-5m-1m-2m-2-5m-3m-font-b-DS18B20-b-font-DS18S20-NTC-10K-1.jpg_350x350.jpg\"><span style=\"display:block;\">AliExpress.com Product &#8211; 0.5m\/1m\/2m\/2.5m\/3m DS18B20 DS18S20 NTC 10K 1% 3950 Waterproof Digital Temperature Sensor Probe NTC Thermistor Thermal Cable<\/span><\/a>\n<br>\n<\/div>\n\n\n\n<div class=\"wp-block-column\">\n<a href=\"https:\/\/s.click.aliexpress.com\/e\/_A6RtKp\" target=\"_parent\" rel=\"noopener noreferrer\"><img src=\"https:\/\/ae01.alicdn.com\/kf\/H572e762cda2741258b7c16fede8b94c2c\/1M-Pure-font-b-Nickel-b-font-font-b-Strip-b-font-0-15-27mm-font.jpg_350x350.jpg\"><span style=\"display:block;\">AliExpress.com Product &#8211; 1M Pure Nickel Strip 0.15*27mm Nickel Tab For 18650 Lithium Battery Welding Tape 2P Spot Welding Nickel Belt 1 Meter<\/span><\/a>\n<br>\n<\/div>\n\n\n\n<div class=\"wp-block-column\">\n<a href=\"https:\/\/s.click.aliexpress.com\/e\/_AgcAcb\" target=\"_blank\" rel=\"noopener noreferrer\"><img src=\"https:\/\/ae01.alicdn.com\/kf\/HTB1KxezXQY2gK0jSZFgq6A5OFXa0.jpg_350x350.jpg\"><span style=\"display:block;\">Dokio-Panel Solar Flexible para exteriores, 18V, 50w, juegos de carga, paneles solares para acampar\/barcos\/casa para coche, carga de 12V<\/span><\/a>\n<br>\n<\/div>\n<\/div>\n\n\n\n<div class=\"wp-block-columns\">\n<div class=\"wp-block-column\">\n<a href=\"https:\/\/s.click.aliexpress.com\/e\/_AWDyaP\" target=\"_blank\" rel=\"noopener noreferrer\">\n<img src=\"https:\/\/ae01.alicdn.com\/kf\/H48d9bc71b8d4489ca9c275744d0b03737.jpg_350x350.jpg\">\n<span style=\"display:block;\">Haikyuu-Sudadera con capucha de Anime japon\u00e9s para hombre, ropa informal estilo Hip Hop, sudaderas con capucha de sport para hombre, sudaderas holgadas a la moda 2020<\/span>\n<\/a>\n<br>\n<\/div>\n\n\n\n<div class=\"wp-block-column\">\n<a href=\"https:\/\/s.click.aliexpress.com\/e\/_A87GnY\" target=\"_blank\" rel=\"noopener noreferrer\"><img src=\"https:\/\/ae01.alicdn.com\/kf\/H2d7e9df58025455086446169ecac8ddft.jpg_350x350.jpg\"><span style=\"display:block;\">Rallador en espiral de zanahoria, patata, pepino, cortador de frutas y verduras de mano, cortador de ensalada, fideos, espagueti, hoja de calabac\u00edn, espiralizador<\/span><\/a>\n<br>\n<\/div>\n\n\n\n<div class=\"wp-block-column\">\n<a href=\"https:\/\/s.click.aliexpress.com\/e\/_Aqpprc\" target=\"_blank\" rel=\"noopener noreferrer\"><img src=\"https:\/\/ae01.alicdn.com\/kf\/H577e1a2fb3d3492f947460883ecc1c11V.jpg_350x350.jpg\"><span style=\"display:block;\">lampara escritorio usb L\u00e1mparas de mesa de estudio l\u00e1mparas de escritorio LED recargables USB 18 LED Flexible Interruptor t\u00e1ctil de pie luz de lectura de estudio l\u00e1mpara de mesa de escritorio de noche<\/span><\/a>\n<br>\n<\/div>\n<\/div>\n\n\n\n<div class=\"wp-block-group\"><div class=\"wp-block-group__inner-container\">\n<div class=\"wp-block-columns\">\n<div class=\"wp-block-column\">\n<a href=\"https:\/\/s.click.aliexpress.com\/e\/_AqfvKM\" target=\"_blank\" rel=\"noopener noreferrer\"><img src=\"https:\/\/ae01.alicdn.com\/kf\/Hb8e3e04e008144baa5cc019a6deebaacq.jpg_350x350.jpg\">\n<span style=\"display:block;\">Esculturas creativas de Tensegrity, bloques de construcci\u00f3n antigravedad, f\u00edsica din\u00e1mica, equilibrio, nuevo modelo DIY, estructura, piezas, Juguetes<\/span>\n<\/a>\n<br>\n<\/div>\n\n\n\n<div class=\"wp-block-column\">\n<a href=\"https:\/\/s.click.aliexpress.com\/e\/_ArfnhI\" target=\"_blank\" rel=\"noopener noreferrer\"><img src=\"https:\/\/ae01.alicdn.com\/kf\/HTB1OaUdV4TpK1RjSZFMq6zG_VXal.jpg_350x350.jpg\"><span style=\"display:block;\">Pastillas de Freno de bicicleta de monta\u00f1a para bicicleta Shimano M445 355 395, almohadillas de freno de disco org\u00e1nico de resina para ciclismo de monta\u00f1a, 1 par\/2 uds. <span><\/span><\/span><\/a>\n<br>\n<\/div>\n\n\n\n<div class=\"wp-block-column\">\n<a href=\"https:\/\/s.click.aliexpress.com\/e\/_9yXaBn\" target=\"_blank\" rel=\"noopener noreferrer\"><img src=\"https:\/\/ae01.alicdn.com\/kf\/He3f2bf01ab824398ba58cb8365db23b0M.jpg_350x350.jpg\"><span style=\"display:block;\">WOSAWE-Chaleco de Ciclismo para mantenerse seco y c\u00e1lido, camiseta interior de malla sin mangas para bicicleta, ropa de Ciclismo a prueba de viento<\/span><\/a>\n<br>\n<\/div>\n<\/div>\n<\/div><\/div>\n\n\n\n<div class=\"wp-block-columns\">\n<div class=\"wp-block-column\">\n<a href=\"https:\/\/s.click.aliexpress.com\/e\/_APQzg9\" target=\"_blank\" rel=\"noopener noreferrer\"><img src=\"https:\/\/ae01.alicdn.com\/kf\/H2b2a1eaa627340dca0494f271125f871J.jpg_350x350.jpg\"><span style=\"display:block;\">WOSAWE-rodilleras para monopat\u00edn, Protector de codo para Moto y Motocross\n<span>\n<\/span><\/span><\/a>\n<br>\n<\/div>\n\n\n\n<div class=\"wp-block-column\">\n<a href=\"https:\/\/s.click.aliexpress.com\/e\/_ADTtp3\" target=\"_blank\" rel=\"noopener\"><img src=\"https:\/\/ae01.alicdn.com\/kf\/H669627d234aa4d70828d946fdf051208k.jpg_350x350.jpg\">\n<span style=\"display:block;\">Manta y capucha de gran tama\u00f1o con mangas para mujer, sudadera a cuadros con capucha de lana para invierno, bolsillo para mujer, Sudadera con capucha de gran tama\u00f1o para mujer\n<span>\n<\/span><\/span><\/a>\n<br>\n<\/div>\n\n\n\n<div class=\"wp-block-column\">\n<a href=\"https:\/\/s.click.aliexpress.com\/e\/_APQTNg\" target=\"_blank\" rel=\"noopener\"><img src=\"https:\/\/ae01.alicdn.com\/kf\/HTB1f53ghMMPMeJjy1Xcq6xpppXak.jpg_350x350.jpg\">\n<spand>\nBiurlink coche Radio Helix a\u00e9rea + Base de antena para Hyundai KIA ix45 ix35 i30 Kia Sportage acento Tucson\n<\/spand>\n<\/a>\n\n\n\n<div class=\"wp-block-columns\">\n<div class=\"wp-block-column\"><\/div>\n\n\n\n<div class=\"wp-block-column\"><\/div>\n\n\n\n<div class=\"wp-block-column\"><\/div>\n<\/div>\n<\/div>\n<\/div>\n\n\n\n<div class=\"wp-block-columns\">\n<div class=\"wp-block-column\">\n<a href=\"https:\/\/s.click.aliexpress.com\/e\/_A9buyi\" target=\"_blank\" rel=\"noopener\"><img src=\"https:\/\/ae01.alicdn.com\/kf\/Hcc99d014e6d34a609dee4e41f3e6785cf.jpg_350x350.jpg\">\n<spand>\n11,4 V 2400mAh original fe Drone bater\u00eda CFLY C-FLY fe plegable recambios de cuadrirrotor RC cuchillas para JJRC X12 \/ EX4\n<\/spand>\n<\/a>\n<\/div>\n\n\n\n<div class=\"wp-block-column\">\n<a href=\"https:\/\/s.click.aliexpress.com\/e\/_9AaOnN\" target=\"_blank\" rel=\"noopener\"><img src=\"https:\/\/ae01.alicdn.com\/kf\/Hf4300b37470d4b77a3c2b5eee7691c8dg.jpg_350x350.jpg\">\n<spand>\nAkatsukies-fundas de tel\u00e9fono para Redmi 9A, 9, 8A, 7, 6, 6A, Note 9, 8T Pro, Max, K20, K30 Pro\n<\/spand>\n<\/a>\n<\/div>\n\n\n\n<div class=\"wp-block-column\">\n<a href=\"https:\/\/s.click.aliexpress.com\/e\/_97SBOr\" target=\"_blank\" rel=\"noopener\"><img src=\"https:\/\/ae01.alicdn.com\/kf\/Hda08aad7e3804769a113dabff4e9f0f6z.png_350x350.png\">\n<spand>\nGillette Fusion Proglide-m\u00e1quina de cuchillas de afeitar para hombre, casetes de Cuchillo DE SEGURIDAD DE 5 capas con cuchillas reemplazables\n<\/spand>\n<\/a>\n<\/div>\n<\/div>\n\n\n\n<div class=\"wp-block-columns\">\n<div class=\"wp-block-column\">\n<a href=\"https:\/\/s.click.aliexpress.com\/e\/_9HkucT\" target=\"_blank\" rel=\"noopener\"><img src=\"https:\/\/ae01.alicdn.com\/kf\/H0d9186a15a944754b17030d4568497407.jpg_350x350.jpg\">\n<spand>\nHUB USB 3,0 de 2,0 HUB Splitter USB Multi 4\/7 expansor de Puerto m\u00faltiples USB 3 Hab uso adaptador de alimentaci\u00f3n de USB3.0 con interruptor para PC\n<\/spand>\n<\/a>\n<\/div>\n\n\n\n<div class=\"wp-block-column\"><\/div>\n\n\n\n<div class=\"wp-block-column\"><\/div>\n<\/div>\n\n\n\n<div class=\"wp-block-columns\">\n<div class=\"wp-block-column\"><\/div>\n\n\n\n<div class=\"wp-block-column\"><\/div>\n<\/div>\n","protected":false},"excerpt":{"rendered":"<p>AliExpress.com Product &#8211; 0.5m\/1m\/2m\/2.5m\/3m DS18B20 DS18S20 NTC 10K 1% 3950 Waterproof Digital Temperature Sensor Probe NTC Thermistor Thermal Cable AliExpress.com Product &#8211; 1M Pure Nickel Strip 0.15*27mm Nickel Tab For 18650 Lithium Battery Welding Tape 2P Spot Welding Nickel Belt 1 Meter Dokio-Panel Solar Flexible para exteriores, 18V, 50w, juegos de carga, paneles solares para &hellip;<\/p>\n<p class=\"read-more\"> <a class=\"\" href=\"https:\/\/nocturnas.org\/index.php\/aliexpress-varios\/\"> <span class=\"screen-reader-text\">Aliexpress Varios<\/span> Leer m\u00e1s &raquo;<\/a><\/p>\n","protected":false},"author":1,"featured_media":0,"parent":0,"menu_order":0,"comment_status":"closed","ping_status":"closed","template":"","meta":{"_monsterinsights_skip_tracking":false,"_monsterinsights_sitenote_active":false,"_monsterinsights_sitenote_note":"","_monsterinsights_sitenote_category":0},"_links":{"self":[{"href":"https:\/\/nocturnas.org\/index.php\/wp-json\/wp\/v2\/pages\/1199"}],"collection":[{"href":"https:\/\/nocturnas.org\/index.php\/wp-json\/wp\/v2\/pages"}],"about":[{"href":"https:\/\/nocturnas.org\/index.php\/wp-json\/wp\/v2\/types\/page"}],"author":[{"embeddable":true,"href":"https:\/\/nocturnas.org\/index.php\/wp-json\/wp\/v2\/users\/1"}],"replies":[{"embeddable":true,"href":"https:\/\/nocturnas.org\/index.php\/wp-json\/wp\/v2\/comments?post=1199"}],"version-history":[{"count":36,"href":"https:\/\/nocturnas.org\/index.php\/wp-json\/wp\/v2\/pages\/1199\/revisions"}],"predecessor-version":[{"id":1883,"href":"https:\/\/nocturnas.org\/index.php\/wp-json\/wp\/v2\/pages\/1199\/revisions\/1883"}],"wp:attachment":[{"href":"https:\/\/nocturnas.org\/index.php\/wp-json\/wp\/v2\/media?parent=1199"}],"curies":[{"name":"wp","href":"https:\/\/api.w.org\/{rel}","templated":true}]}}