{"id":1039,"date":"2020-11-05T10:21:30","date_gmt":"2020-11-05T10:21:30","guid":{"rendered":"http:\/\/nocturnas.org\/?page_id=1039"},"modified":"2021-12-15T19:53:42","modified_gmt":"2021-12-15T19:53:42","slug":"aliexpress","status":"publish","type":"page","link":"https:\/\/nocturnas.org\/index.php\/aliexpress\/","title":{"rendered":"Aliexpress"},"content":{"rendered":"\n<p>Tija pija, la quieres y lo sabes. Tu bici tiene una medida de 30.9 o 31.6. Est\u00e1s de suerte, la Satori SORATA PRO es la que mejor calidad\/precio vas a encontrar con un recorrido de 150mm. <\/p>\n\n\n\n<p>Pero es que mi bici tiene una medida de 27.2, bueno, pues sin pasar de 100\u20ac tienes la KindShock-Eten de 100mm de recorrido y por un poco m\u00e1s la KindShock-E20 con 120mm.<\/p>\n\n\n\n<div class=\"wp-block-columns\">\n<div class=\"wp-block-column\">\n<a href=\"https:\/\/s.click.aliexpress.com\/e\/_9xYaBz\" target=\"_parent\" rel=\"noopener noreferrer\"><img src=\"https:\/\/ae01.alicdn.com\/kf\/Hd93793d4242848c1afc60bc718784cd82\/-font-b-Satori-b-font-height-adjustable-seatpost-dropper-150mm-travel-30-9-31-6mm.jpg_350x350.jpg\"><span style=\"display:block;\">Satori-Gotero para tija de sill\u00edn de bicicleta, altura ajustable, 150mm de viaje, 30,9\/31,6mm x 460mm, cable interno, mando a distancia.<\/span><\/a><br>\n<\/div>\n\n\n\n<div class=\"wp-block-column\">\n<a href=\"https:\/\/s.click.aliexpress.com\/e\/_AERs0P\" target=\"_parent\" rel=\"noopener noreferrer\"><img src=\"https:\/\/ae01.alicdn.com\/kf\/Hc4823d49580e4c0181895d312fd56957o\/2019-NEW-font-b-KS-b-font-KindShock-Eten-R-ETEN-i-Remote-Mountain-Downhill-Bike.jpg_350x350.jpg\"><span style=\"display:block;\">AliExpress.com Product &#8211; 2019 NEW KS KindShock Eten-R ETEN-i Remote Mountain Downhill Bike Dropper Seat post 27.2\/30.9\/31.6mm 100mm Bike Seat Post EXA<\/span><\/a><br>\n<\/div>\n\n\n\n<div class=\"wp-block-column\">\n<a href=\"https:\/\/s.click.aliexpress.com\/e\/_ArCr6L\" target=\"_parent\" rel=\"noopener noreferrer\"><img src=\"https:\/\/ae01.alicdn.com\/kf\/H433f7050c4ba4ada8834420e98ba3899B\/-font-b-E20-b-font-font-b-E20-b-font-i-with-Remote-Mountain-Downhill.jpg_350x350.jpg\"><span style=\"display:block;\">AliExpress.com Product &#8211; E20 E20-i with Remote Mountain Downhill Bike Dropper Seat post 27.2\/30.9\/31.6mm 125mm Bike Seat Post EXA<\/span><\/a><br>\n\n\n\n<p><\/p>\n<\/div>\n<\/div>\n\n\n\n<p><\/p>\n\n\n\n<p>Te lo est\u00e1s pasando en grande con la bici, se hace tarde, se va el sol, no te agobies, monta la linterna  en el manillar y a seguir disfrutando<\/p>\n\n\n\n<div class=\"wp-block-columns\">\n<div class=\"wp-block-column\">\n<a href=\"https:\/\/s.click.aliexpress.com\/e\/_AFFMIF\" target=\"_parent\" rel=\"noopener noreferrer\"><img src=\"https:\/\/ae01.alicdn.com\/kf\/Hb6950d67e86044aeb393225bbfd19eaaQ\/NEWBOLER-5000mAh-Bicycle-font-b-Light-b-font-800-Lumen-T6-led-Bike-Headlight-Zoom-USB.jpg_350x350.jpg\"><span style=\"display:block;\">AliExpress.com Product &#8211; NEWBOLER 5000mAh Bicycle Light 800 Lumen T6 led Bike Headlight Zoom USB Rechargeable Aluminum Alloy Upgrade Mount Bike Accessory<\/span><\/a><br>\n<\/div>\n\n\n\n<div class=\"wp-block-column\">\n<a href=\"https:\/\/s.click.aliexpress.com\/e\/_A1BiLV\" target=\"_parent\" rel=\"noopener noreferrer\"><img src=\"https:\/\/ae01.alicdn.com\/kf\/H65dbe7ed256f4fc8b9fa7508ca943f81D\/LED-Flashlight-XHP50-Ultra-Bright-Torch-Outdoors-Waterproof-Zoomable-Rechargeable-18650-font-b-28650-b-font.jpg_350x350.jpg\"><span style=\"display:block;\">AliExpress.com Product &#8211; LED Flashlight XHP50 Ultra Bright Torch Outdoors Waterproof Zoomable Rechargeable 18650\/28650 Battery Hiking Camping Light<\/span><\/a><br>\n<\/div>\n\n\n\n<div class=\"wp-block-column\">\n<a href=\"https:\/\/s.click.aliexpress.com\/e\/_ATkvsb\" target=\"_parent\" rel=\"noopener noreferrer\"><img src=\"https:\/\/ae01.alicdn.com\/kf\/Hd5c6a2ffcb0e483dbb15ba0ac37bf4adj\/-font-b-180mm-b-font-160mm-6-Inches-Stainless-Steel-Rotor-Disc-Brake-For-MTB.jpg_350x350.jpg\"><span style=\"display:block;\">AliExpress.com Product &#8211; 180mm\/160mm 6 Inches Stainless Steel Rotor Disc Brake For MTB Mountain Road Cruiser Bike Bicycle Parts<\/span><\/a><br>\n<\/div>\n<\/div>\n\n\n\n<p>Cascos, para los no tan duros de mollera. Y ya que te cubres tu, cubre tu mochila. Para no mojarte la cara, ni el culo, cuando pasas r\u00e1pido por los charcos.<\/p>\n\n\n\n<div class=\"wp-block-columns\">\n<div class=\"wp-block-column\">\n<a href=\"https:\/\/s.click.aliexpress.com\/e\/_AZaW38\" target=\"_blank\" rel=\"noopener noreferrer\"><img src=\"https:\/\/ae01.alicdn.com\/kf\/H68dacc196dc3485194ba6adcdd8c6c02z.jpg_350x350.jpg\"><spand>Casco de bicicleta para adulto, cobertura completa, para ciclismo de monta\u00f1a o de carretera, m\u00e1scara completa DH MTV, BMX\n<\/spand><\/a>\n<br>\n<\/div>\n\n\n\n<div class=\"wp-block-column\">\n<a href=\"https:\/\/s.click.aliexpress.com\/e\/_ANIHw2\" target=\"_blank\" rel=\"noopener\"><img src=\"https:\/\/ae01.alicdn.com\/kf\/H23213498e7244c869382c016d2c7c80bl.jpg_350x350.jpg\" \/>\n<spand>Mochila reflectante con cubierta para lluvia, bolsa deportiva impermeable de 20L, 30L, 40L, 55L, a prueba de polvo, para acampar y hacer senderismo\n<\/spand>\n<\/a>\n<\/div>\n\n\n\n<div class=\"wp-block-column\">\n<a href=\"https:\/\/s.click.aliexpress.com\/e\/_AfvWkr\" target=\"_blank\" rel=\"noopener\">\n<img src=\"https:\/\/ae01.alicdn.com\/kf\/H61950b7f9a244a78b6708e7f6bb5fb08s.jpg_350x350.jpg\">\n<spand>Guardabarros delanteros y traseros para bicicleta, 2 uds., guardabarros de fibra de carbono para ciclismo de monta\u00f1a o carretera\n<\/spand>\n<\/a>\n\n\n\n<p><\/p>\n<\/div>\n<\/div>\n\n\n\n<p><\/p>\n\n\n\n<div class=\"wp-block-columns\">\n<div class=\"wp-block-column\">\n<a href=\"https:\/\/s.click.aliexpress.com\/e\/_AUcQ7t\" target=\"_blank\" rel=\"noopener\"><img src=\"https:\/\/ae01.alicdn.com\/kf\/H3eb5b8a81f9d4b55b6aebc24db7fc1ffY.jpg_350x350.jpg\">\n<spand>\nShiman-accesorios para bicicleta de monta\u00f1a, pieza de Clip para Pedales de carreras.\n<\/spand>\n<\/a>\n<\/div>\n\n\n\n<div class=\"wp-block-column\">\n<a href=\"https:\/\/s.click.aliexpress.com\/e\/_AXdI9M\" target=\"_blank\" rel=\"noopener\"><img src=\"https:\/\/ae01.alicdn.com\/kf\/Hbe367a032ea64d20960777d013a7f66cm.jpg_350x350.jpg\">\n<spand>\nAnsjs-pedales de aleaci\u00f3n para bicicleta de monta\u00f1a, rodamiento sellado, plataforma plana, antideslizantes, 9\/16&#8243;\n<\/spand>\n<\/a>\n<\/div>\n\n\n\n<div class=\"wp-block-column\">\n<a href=\"https:\/\/s.click.aliexpress.com\/e\/_AeWfVU\" target=\"_blank\" rel=\"noopener\"><img src=\"https:\/\/ae01.alicdn.com\/kf\/HTB1tOoBSpXXXXXRXpXXq6xXFXXXb.jpg_350x350.jpg\">\n<spand>\nPaquete de bater\u00eda de 8.4V para bicicleta, bater\u00eda recargable de i\u00f3n-litio, para faro de cicla, con potencia de de 8.4 V, 12800mAh, tama\u00f1o de 6&#215;18650\n<\/spand>\n<\/a>\n<\/div>\n<\/div>\n\n\n\n<div class=\"wp-block-columns\">\n<div class=\"wp-block-column\">\n<a href=\"https:\/\/s.click.aliexpress.com\/e\/_ATooI3\" target=\"_blank\" rel=\"noopener\"><img src=\"https:\/\/ae01.alicdn.com\/kf\/H2051464b6e624a8c8387a1a9ede7338fM.jpg_350x350.jpg\">\n<spand>\nSHIMANO-pastillas de freno J03A J04C, DEORE XT, SLX, DEORE, J03A, J04C, aleta de enfriamiento Ice Tech, almohadilla de freno M785, M675, M7000, M8000, M6000\n<\/spand>\n<\/a>\n<\/div>\n\n\n\n<div class=\"wp-block-column\">\n<a href=\"https:\/\/s.click.aliexpress.com\/e\/_AYOD03\" target=\"_blank\" rel=\"noopener\"><img src=\"https:\/\/ae01.alicdn.com\/kf\/Heaba652409204798aa0fcc9f3c2b08acA.jpg_350x350.jpg\">\n<spand>\nShimano-almohadillas J03A J04C DEORE SLX XT, aleta de Metal de resina, enfriamiento, tecnolog\u00eda Ice, pastilla de freno de monta\u00f1a M7000, M8000, M9000, M6000, M785, M675\n<\/spand>\n<\/a>\n<\/div>\n\n\n\n<div class=\"wp-block-column\">\n<a href=\"https:\/\/s.click.aliexpress.com\/e\/_AbTfus\" target=\"_blank\" rel=\"noopener\"><img src=\"https:\/\/ae01.alicdn.com\/kf\/H29990768aa4445cabd43a5bde3ea1f27P.jpg_350x350.jpg\">\n<spand>\nHerramienta sin c\u00e1mara para bicicleta, llave de extracci\u00f3n de extensi\u00f3n de carrete, tubo de v\u00e1lvula Presta schrader AV \/ FV\n<\/spand>\n<\/a>\n<\/div>\n<\/div>\n\n\n\n<div class=\"wp-block-columns\">\n<div class=\"wp-block-column\">\n<a href=\"https:\/\/s.click.aliexpress.com\/e\/_99sVco\" target=\"_blank\" rel=\"noopener\"><img src=\"https:\/\/ae01.alicdn.com\/kf\/Ha4b2d3cbd80e428c9e28c7169fd968f7b.jpg_350x350.jpg\">\n<spand>\nLlave de n\u00facleo de v\u00e1lvula de bicicleta 4 en 1, tapas de v\u00e1lvula de neum\u00e1tico Presta, herramienta de extracci\u00f3n de v\u00e1lvula de bicicleta, herramientas de reparaci\u00f3n port\u00e1tiles, accesorios 2020\n<\/spand>\n<\/a>\n<\/div>\n\n\n\n<div class=\"wp-block-column\">\n<a href=\"https:\/\/s.click.aliexpress.com\/e\/_ArfnhI\" target=\"_blank\" rel=\"noopener noreferrer\"><img src=\"https:\/\/ae01.alicdn.com\/kf\/HTB1OaUdV4TpK1RjSZFMq6zG_VXal.jpg_350x350.jpg\"><span style=\"display:block;\">Pastillas de Freno de bicicleta de monta\u00f1a para bicicleta Shimano M445 355 395, almohadillas de freno de disco org\u00e1nico de resina para ciclismo de monta\u00f1a, 1 par\/2 uds. <span><\/span><\/span><\/a>\n<br>\n<\/div>\n\n\n\n<div class=\"wp-block-column\">\n<a href=\"https:\/\/s.click.aliexpress.com\/e\/_9yXaBn\" target=\"_blank\" rel=\"noopener noreferrer\"><img src=\"https:\/\/ae01.alicdn.com\/kf\/He3f2bf01ab824398ba58cb8365db23b0M.jpg_350x350.jpg\"><span style=\"display:block;\">WOSAWE-Chaleco de Ciclismo para mantenerse seco y c\u00e1lido, camiseta interior de malla sin mangas para bicicleta, ropa de Ciclismo a prueba de viento<\/span><\/a>\n<br>\n<\/div>\n<\/div>\n\n\n\n<div class=\"wp-block-columns\">\n<div class=\"wp-block-column\">\n<a href=\"https:\/\/s.click.aliexpress.com\/e\/_APQzg9\" target=\"_blank\" rel=\"noopener noreferrer\"><img src=\"https:\/\/ae01.alicdn.com\/kf\/H2b2a1eaa627340dca0494f271125f871J.jpg_350x350.jpg\"><span style=\"display:block;\">WOSAWE-rodilleras para monopat\u00edn, Protector de codo para Moto y Motocross\n<span>\n<\/span><\/span><\/a>\n<br>\n<\/div>\n\n\n\n<div class=\"wp-block-column\"><\/div>\n\n\n\n<div class=\"wp-block-column\"><\/div>\n<\/div>\n","protected":false},"excerpt":{"rendered":"<p>Tija pija, la quieres y lo sabes. Tu bici tiene una medida de 30.9 o 31.6. Est\u00e1s de suerte, la Satori SORATA PRO es la que mejor calidad\/precio vas a encontrar con un recorrido de 150mm. Pero es que mi bici tiene una medida de 27.2, bueno, pues sin pasar de 100\u20ac tienes la KindShock-Eten &hellip;<\/p>\n<p class=\"read-more\"> <a class=\"\" href=\"https:\/\/nocturnas.org\/index.php\/aliexpress\/\"> <span class=\"screen-reader-text\">Aliexpress<\/span> Leer m\u00e1s &raquo;<\/a><\/p>\n","protected":false},"author":1,"featured_media":0,"parent":0,"menu_order":0,"comment_status":"closed","ping_status":"closed","template":"","meta":{"_monsterinsights_skip_tracking":false,"_monsterinsights_sitenote_active":false,"_monsterinsights_sitenote_note":"","_monsterinsights_sitenote_category":0},"_links":{"self":[{"href":"https:\/\/nocturnas.org\/index.php\/wp-json\/wp\/v2\/pages\/1039"}],"collection":[{"href":"https:\/\/nocturnas.org\/index.php\/wp-json\/wp\/v2\/pages"}],"about":[{"href":"https:\/\/nocturnas.org\/index.php\/wp-json\/wp\/v2\/types\/page"}],"author":[{"embeddable":true,"href":"https:\/\/nocturnas.org\/index.php\/wp-json\/wp\/v2\/users\/1"}],"replies":[{"embeddable":true,"href":"https:\/\/nocturnas.org\/index.php\/wp-json\/wp\/v2\/comments?post=1039"}],"version-history":[{"count":35,"href":"https:\/\/nocturnas.org\/index.php\/wp-json\/wp\/v2\/pages\/1039\/revisions"}],"predecessor-version":[{"id":2733,"href":"https:\/\/nocturnas.org\/index.php\/wp-json\/wp\/v2\/pages\/1039\/revisions\/2733"}],"wp:attachment":[{"href":"https:\/\/nocturnas.org\/index.php\/wp-json\/wp\/v2\/media?parent=1039"}],"curies":[{"name":"wp","href":"https:\/\/api.w.org\/{rel}","templated":true}]}}